{"id":3259,"date":"2020-08-25T22:57:59","date_gmt":"2020-08-25T19:57:59","guid":{"rendered":"https:\/\/onlinekidsacademy.org\/bizimle-iletisime-gecin\/"},"modified":"2024-03-24T09:39:43","modified_gmt":"2024-03-24T06:39:43","slug":"evde-ingilizce-ogren","status":"publish","type":"page","link":"https:\/\/onlinekidsacademy.org\/tr\/evde-ingilizce-ogren\/","title":{"rendered":"Bizimle ileti\u015fime ge\u00e7in"},"content":{"rendered":"<style>.wp-block-kadence-advancedheading.kt-adv-heading10_b33ad4-b8, .wp-block-kadence-advancedheading.kt-adv-heading10_b33ad4-b8[data-kb-block=\"kb-adv-heading10_b33ad4-b8\"]{text-align:center;font-size:1.7em;font-style:normal;}.wp-block-kadence-advancedheading.kt-adv-heading10_b33ad4-b8 mark.kt-highlight, .wp-block-kadence-advancedheading.kt-adv-heading10_b33ad4-b8[data-kb-block=\"kb-adv-heading10_b33ad4-b8\"] mark.kt-highlight{font-style:normal;color:#f76a0c;-webkit-box-decoration-break:clone;box-decoration-break:clone;padding-top:0px;padding-right:0px;padding-bottom:0px;padding-left:0px;}.wp-block-kadence-advancedheading.kt-adv-heading10_b33ad4-b8 img.kb-inline-image, .wp-block-kadence-advancedheading.kt-adv-heading10_b33ad4-b8[data-kb-block=\"kb-adv-heading10_b33ad4-b8\"] img.kb-inline-image{width:150px;vertical-align:baseline;}<\/style>\n<h1 class=\"kt-adv-heading10_b33ad4-b8 wp-block-kadence-advancedheading\" data-kb-block=\"kb-adv-heading10_b33ad4-b8\">Evde \u0130ngilizce \u00f6\u011frenin<\/h1>\n<div class=\"wp-block-image\">\n<figure class=\"aligncenter size-full\"><img decoding=\"async\" width=\"125\" height=\"125\" src=\"https:\/\/onlinekidsacademy.org\/wp-content\/uploads\/2022\/02\/cropped-OKA_SKE_New_125_125_WP-1.webp\" alt=\"Online Kids Academy &#x130;ngilizce Dil &#xD6;&#x11F;renme Platformu, &#xE7;ocuklar i&#xE7;in evde &#xE7;evrimi&#xE7;i &#x130;ngilizce ortam&#x131; sa&#x11F;lar ve &#xE7;ocuklar evde &#x130;ngilizce &#xF6;&#x11F;renir - Evde Online &#x130;ngilizce.\" class=\"wp-image-1920\" srcset=\"https:\/\/onlinekidsacademy.org\/wp-content\/uploads\/2022\/02\/cropped-OKA_SKE_New_125_125_WP-1.webp 125w, https:\/\/onlinekidsacademy.org\/wp-content\/uploads\/2022\/02\/cropped-OKA_SKE_New_125_125_WP-1-100x100.webp 100w\" sizes=\"(max-width: 125px) 100vw, 125px\" \/><\/figure>\n<\/div><style>.wp-block-kadence-advancedheading.kt-adv-heading10_78229a-ea, .wp-block-kadence-advancedheading.kt-adv-heading10_78229a-ea[data-kb-block=\"kb-adv-heading10_78229a-ea\"]{margin-bottom:2.8rem;text-align:center;font-size:1.7em;line-height:1.2em;font-weight:normal;font-style:normal;}.wp-block-kadence-advancedheading.kt-adv-heading10_78229a-ea mark.kt-highlight, .wp-block-kadence-advancedheading.kt-adv-heading10_78229a-ea[data-kb-block=\"kb-adv-heading10_78229a-ea\"] mark.kt-highlight{font-weight:normal;font-style:normal;color:#f76a0c;-webkit-box-decoration-break:clone;box-decoration-break:clone;padding-top:0px;padding-right:0px;padding-bottom:0px;padding-left:0px;}.wp-block-kadence-advancedheading.kt-adv-heading10_78229a-ea img.kb-inline-image, .wp-block-kadence-advancedheading.kt-adv-heading10_78229a-ea[data-kb-block=\"kb-adv-heading10_78229a-ea\"] img.kb-inline-image{width:150px;vertical-align:baseline;}<\/style>\n<h2 class=\"kt-adv-heading10_78229a-ea wp-block-kadence-advancedheading has-theme-palette-5-color has-text-color\" data-kb-block=\"kb-adv-heading10_78229a-ea\"><strong>Bizimle ileti\u015fime ge\u00e7in<\/strong><\/h2>\n<style>.wp-block-kadence-advancedheading.kt-adv-heading10_db7397-5b, .wp-block-kadence-advancedheading.kt-adv-heading10_db7397-5b[data-kb-block=\"kb-adv-heading10_db7397-5b\"]{margin-bottom:2.8rem;text-align:center;font-size:1.2em;line-height:1.8em;font-weight:normal;font-style:normal;}.wp-block-kadence-advancedheading.kt-adv-heading10_db7397-5b mark.kt-highlight, .wp-block-kadence-advancedheading.kt-adv-heading10_db7397-5b[data-kb-block=\"kb-adv-heading10_db7397-5b\"] mark.kt-highlight{font-weight:normal;font-style:normal;color:#f76a0c;-webkit-box-decoration-break:clone;box-decoration-break:clone;padding-top:0px;padding-right:0px;padding-bottom:0px;padding-left:0px;}.wp-block-kadence-advancedheading.kt-adv-heading10_db7397-5b img.kb-inline-image, .wp-block-kadence-advancedheading.kt-adv-heading10_db7397-5b[data-kb-block=\"kb-adv-heading10_db7397-5b\"] img.kb-inline-image{width:150px;vertical-align:baseline;}<\/style>\n<h4 class=\"kt-adv-heading10_db7397-5b wp-block-kadence-advancedheading has-theme-palette-5-color has-text-color\" data-kb-block=\"kb-adv-heading10_db7397-5b\">T\u00fcm sorular\u0131n\u0131z i\u00e7in a\u015fa\u011f\u0131daki formu kullanarak bize e-posta g\u00f6nderebilirsiniz.<\/h4>\n<style>.kadence-form-10_cc53d5-84 .kb-form .kadence-blocks-form-field .kb-text-style-field, .kadence-form-10_cc53d5-84 .kb-form .kadence-blocks-form-field .kb-select-style-field{border-radius:6px;background:var(--global-palette9, #ffffff);border-color:#b5bec8;box-shadow:2px 2px 4px 0px rgba(0, 0, 0, 0.02);}.kadence-form-10_cc53d5-84 .kb-form .kadence-blocks-form-field .kb-text-style-field:focus, .kadence-form-10_cc53d5-84 .kb-form .kadence-blocks-form-field .kb-select-style-field:focus{box-shadow:2px 2px 4px 0px rgba(0, 0, 0, 0.06);}.kadence-form-10_cc53d5-84 .kb-form .kadence-blocks-form-field > label{color:var(--global-palette4, #2D3748);font-size:1em;}.kadence-form-10_cc53d5-84 .kb-form .kadence-blocks-form-field .kb-forms-submit{color:#ffffff;border-radius:6px;background:var(--global-palette1, #3182CE);}.kadence-form-10_cc53d5-84 .kb-form .kadence-blocks-form-field .kb-forms-submit:hover, .kadence-form-10_cc53d5-84 .kb-form .kadence-blocks-form-field .kb-forms-submit:focus {color:#ffffff;background:var(--global-palette2, #2B6CB0);}.kadence-form-10_cc53d5-84 .kb-form .kadence-blocks-form-field .kb-forms-submit{padding-top:12px;padding-right:40px;padding-bottom:12px;padding-left:40px;}.kadence-form-10_cc53d5-84 .kb-form .kadence-blocks-form-field .kb-forms-submit{font-size:20px;}.kb-form input.kadence-blocks-field.verify{opacity:0.0;position:absolute;top:0.0;left:0.0;width:0.0;height:0.0;z-index:-1;}<\/style>\n<div class=\"wp-block-kadence-form kadence-form-10_cc53d5-84 kb-form-wrap\"><form class=\"kb-form\" action=\"\" method=\"post\"><div class=\"kadence-blocks-form-field kb-field-desk-width-50 kb-input-size-standard\"><label for=\"kb_field_10_cc53d5-84_0\">\u0130sim<\/label><input name=\"kb_field_0\" id=\"kb_field_10_cc53d5-84_0\" data-label=\"&#x130;sim\" type=\"text\" placeholder=\"\" value=\"\" data-type=\"text\" class=\"kb-field kb-text-style-field kb-text-field kb-field-0\" data-required=\"yes\"\/><\/div><div class=\"kadence-blocks-form-field kb-form-field-1 kb-field-desk-width-50 kb-input-size-standard\"><label for=\"kb_field_10_cc53d5-84_1\">Soyisim<\/label><input name=\"kb_field_1\" id=\"kb_field_10_cc53d5-84_1\" data-label=\"Soyisim\" type=\"text\" placeholder=\"\" value=\"\" data-type=\"text\" class=\"kb-field kb-text-style-field kb-text-field kb-field-1\" data-required=\"yes\"\/><\/div><div class=\"kadence-blocks-form-field kb-form-field-2 kb-field-desk-width-100 kb-input-size-standard\"><label for=\"kb_field_10_cc53d5-84_2\">E-posta<\/label><input name=\"kb_field_2\" id=\"kb_field_10_cc53d5-84_2\" data-label=\"E-posta\" type=\"email\" placeholder=\"\" value=\"\" data-type=\"email\" class=\"kb-field kb-text-style-field kb-email-field kb-field-2\" data-required=\"yes\"\/><\/div><div class=\"kadence-blocks-form-field kb-form-field-3 kb-field-desk-width-100 kb-input-size-standard\"><label for=\"kb_field_10_cc53d5-84_3\">Kullan\u0131c\u0131 ad\u0131 ve Sat\u0131n Alma E-postas\u0131<\/label><input name=\"kb_field_3\" id=\"kb_field_10_cc53d5-84_3\" data-label=\"Kullan&#x131;c&#x131; ad&#x131; ve Sat&#x131;n Alma E-postas&#x131;\" type=\"text\" placeholder=\"\" value=\"\" data-type=\"text\" class=\"kb-field kb-text-style-field kb-text-field kb-field-3\" data-required=\"yes\"\/><\/div><div class=\"kadence-blocks-form-field kb-form-field-4 kb-field-desk-width-100 kb-input-size-standard\"><label for=\"kb_field_10_cc53d5-84_4\">\u00dclke<\/label><input name=\"kb_field_4\" id=\"kb_field_10_cc53d5-84_4\" data-label=\"&#xDC;lke\" type=\"text\" placeholder=\"\" value=\"\" data-type=\"text\" class=\"kb-field kb-text-style-field kb-text-field kb-field-4\" data-required=\"yes\"\/><\/div><div class=\"kadence-blocks-form-field kb-form-field-5 kb-field-desk-width-100 kb-input-size-standard\"><label for=\"kb_field_10_cc53d5-84_5\">\u015eehir<\/label><input name=\"kb_field_5\" id=\"kb_field_10_cc53d5-84_5\" data-label=\"&#x15E;ehir\" type=\"text\" placeholder=\"\" value=\"\" data-type=\"text\" class=\"kb-field kb-text-style-field kb-text-field kb-field-5\" data-required=\"yes\"\/><\/div><div class=\"kadence-blocks-form-field kb-form-field-6 kb-field-desk-width-100 kb-input-size-standard\"><label for=\"kb_field_10_cc53d5-84_6\">Mesaj\u0131n\u0131z<\/label><textarea name=\"kb_field_6\" id=\"kb_field_10_cc53d5-84_6\" data-label=\"Mesaj&#x131;n&#x131;z\" type=\"textarea\" placeholder=\"\" data-type=\"textarea\" class=\"kb-field kb-text-style-field kb-textarea-field kb-field-6\" rows=\"4\"><\/textarea><span class=\"kb-field-help\">L\u00fctfen soru ve talebinizin ayr\u0131nt\u0131lar\u0131n\u0131 girin. Destek ekibimizin bir \u00fcyesi m\u00fcmk\u00fcn olan en k\u0131sa s\u00fcrede size yan\u0131t verecektir.<\/span><\/div><div class=\"kadence-blocks-form-field kb-form-field-7 kb-field-desk-width-100 kb-input-size-standard kb-accept-form-field\"><input type=\"checkbox\" name=\"kb_field_7\" id=\"kb_field_10_cc53d5-84_7\" class=\"kb-field kb-checkbox-style kb-accept\" value=\"Onay\" data-type=\"accept\" data-required=\"yes\"\/><label for=\"kb_field_10_cc53d5-84_7\">Bunu se\u00e7erek Gizlilik Politikam\u0131z\u0131 ve \u00c7erez Politikam\u0131z\u0131 kabul etmi\u015f olursunuz.<\/label><\/div><input type=\"hidden\" name=\"_kb_form_id\" value=\"10_cc53d5-84\"\/><input type=\"hidden\" name=\"_kb_form_post_id\" value=\"3259\"\/><input type=\"hidden\" name=\"action\" value=\"kb_process_ajax_submit\"\/><label class=\"kadence-verify-label\">Email<input class=\"kadence-blocks-field verify\" type=\"text\" name=\"_kb_verify_email\" autocomplete=\"new-password\" aria-hidden=\"true\" placeholder=\"Email\" tabindex=\"-1\" data-1p-ignore=\"true\" data-lpignore=\"true\" \/><\/label><div class=\"kadence-blocks-form-field kb-submit-field kb-field-desk-width-100\"><button class=\"kb-forms-submit button kb-button-size-custom kb-button-width-full\">Mesaj\u0131 g\u00f6nder<\/button><\/div><\/form><\/div>\n<noscript><div class=\"kadence-blocks-form-message kadence-blocks-form-warning\">Please enable JavaScript in your browser to submit the form<\/div><style>.kadence-form-10_cc53d5-84 .kadence-blocks-form-field.kb-submit-field { display: none; }<\/style><\/noscript>","protected":false},"excerpt":{"rendered":"<p>Evde \u0130ngilizce \u00f6\u011frenin Bizimle ileti\u015fime ge\u00e7in T\u00fcm sorular\u0131n\u0131z i\u00e7in a\u015fa\u011f\u0131daki formu kullanarak bize e-posta g\u00f6nderebilirsiniz.<\/p>\n","protected":false},"author":1,"featured_media":0,"parent":0,"menu_order":0,"comment_status":"closed","ping_status":"closed","template":"","meta":{"_kadence_starter_templates_imported_post":false,"_kad_post_transparent":"disable","_kad_post_title":"hide","_kad_post_layout":"narrow","_kad_post_sidebar_id":"","_kad_post_content_style":"boxed","_kad_post_vertical_padding":"hide","_kad_post_feature":"hide","_kad_post_feature_position":"","_kad_post_header":false,"_kad_post_footer":true,"_kad_post_classname":"","productId":0,"courseId":0,"footnotes":""},"class_list":["post-3259","page","type-page","status-publish","hentry"],"yoast_head":"<!-- This site is optimized with the Yoast SEO plugin v27.4 - https:\/\/yoast.com\/product\/yoast-seo-wordpress\/ -->\n<title>Bizimle ileti\u015fime ge\u00e7in - Online Kids Academy<\/title>\n<meta name=\"description\" content=\"Evde \u0130ngilizce \u00f6\u011frenin. Dinamik Dil \u00d6\u011frenme Platformu - \u0130ngilizce \u00f6\u011frenmeleri i\u00e7in \u00e7ocuklar\u0131n alaka ve motivasyonlar\u0131n\u0131 y\u00fcksek tutar Dil becerilerini geli\u015ftirmek i\u00e7in benzersiz ara\u00e7lar sunmaktad\u0131r.\" \/>\n<meta name=\"robots\" content=\"index, follow, max-snippet:-1, max-image-preview:large, max-video-preview:-1\" \/>\n<link rel=\"canonical\" href=\"https:\/\/onlinekidsacademy.org\/tr\/evde-ingilizce-ogren\/\" \/>\n<meta property=\"og:locale\" content=\"tr_TR\" \/>\n<meta property=\"og:type\" content=\"article\" \/>\n<meta property=\"og:title\" content=\"Bizimle ileti\u015fime ge\u00e7in - Online Kids Academy\" \/>\n<meta property=\"og:description\" content=\"Evde \u0130ngilizce \u00f6\u011frenin. Dinamik Dil \u00d6\u011frenme Platformu - \u0130ngilizce \u00f6\u011frenmeleri i\u00e7in \u00e7ocuklar\u0131n alaka ve motivasyonlar\u0131n\u0131 y\u00fcksek tutar Dil becerilerini geli\u015ftirmek i\u00e7in benzersiz ara\u00e7lar sunmaktad\u0131r.\" \/>\n<meta property=\"og:url\" content=\"https:\/\/onlinekidsacademy.org\/tr\/evde-ingilizce-ogren\/\" \/>\n<meta property=\"og:site_name\" content=\"Online Kids Academy\" \/>\n<meta property=\"article:modified_time\" content=\"2024-03-24T06:39:43+00:00\" \/>\n<meta property=\"og:image\" content=\"https:\/\/onlinekidsacademy.org\/wp-content\/uploads\/2022\/02\/cropped-OKA_SKE_New_125_125_WP-1.webp\" \/>\n<meta name=\"twitter:card\" content=\"summary_large_image\" \/>\n<meta name=\"twitter:label1\" content=\"Tahmini okuma s\u00fcresi\" \/>\n\t<meta name=\"twitter:data1\" content=\"1 dakika\" \/>\n<script type=\"application\/ld+json\" class=\"yoast-schema-graph\">{\"@context\":\"https:\\\/\\\/schema.org\",\"@graph\":[{\"@type\":\"WebPage\",\"@id\":\"https:\\\/\\\/onlinekidsacademy.org\\\/tr\\\/evde-ingilizce-ogren\\\/\",\"url\":\"https:\\\/\\\/onlinekidsacademy.org\\\/tr\\\/evde-ingilizce-ogren\\\/\",\"name\":\"Bizimle ileti\u015fime ge\u00e7in - Online Kids Academy\",\"isPartOf\":{\"@id\":\"https:\\\/\\\/onlinekidsacademy.org\\\/tr\\\/#website\"},\"primaryImageOfPage\":{\"@id\":\"https:\\\/\\\/onlinekidsacademy.org\\\/tr\\\/evde-ingilizce-ogren\\\/#primaryimage\"},\"image\":{\"@id\":\"https:\\\/\\\/onlinekidsacademy.org\\\/tr\\\/evde-ingilizce-ogren\\\/#primaryimage\"},\"thumbnailUrl\":\"https:\\\/\\\/onlinekidsacademy.org\\\/wp-content\\\/uploads\\\/2022\\\/02\\\/cropped-OKA_SKE_New_125_125_WP-1.webp\",\"datePublished\":\"2020-08-25T19:57:59+00:00\",\"dateModified\":\"2024-03-24T06:39:43+00:00\",\"description\":\"Evde \u0130ngilizce \u00f6\u011frenin. Dinamik Dil \u00d6\u011frenme Platformu - \u0130ngilizce \u00f6\u011frenmeleri i\u00e7in \u00e7ocuklar\u0131n alaka ve motivasyonlar\u0131n\u0131 y\u00fcksek tutar Dil becerilerini geli\u015ftirmek i\u00e7in benzersiz ara\u00e7lar sunmaktad\u0131r.\",\"breadcrumb\":{\"@id\":\"https:\\\/\\\/onlinekidsacademy.org\\\/tr\\\/evde-ingilizce-ogren\\\/#breadcrumb\"},\"inLanguage\":\"tr\",\"potentialAction\":[{\"@type\":\"ReadAction\",\"target\":[\"https:\\\/\\\/onlinekidsacademy.org\\\/tr\\\/evde-ingilizce-ogren\\\/\"]}]},{\"@type\":\"ImageObject\",\"inLanguage\":\"tr\",\"@id\":\"https:\\\/\\\/onlinekidsacademy.org\\\/tr\\\/evde-ingilizce-ogren\\\/#primaryimage\",\"url\":\"https:\\\/\\\/onlinekidsacademy.org\\\/wp-content\\\/uploads\\\/2022\\\/02\\\/cropped-OKA_SKE_New_125_125_WP-1.webp\",\"contentUrl\":\"https:\\\/\\\/onlinekidsacademy.org\\\/wp-content\\\/uploads\\\/2022\\\/02\\\/cropped-OKA_SKE_New_125_125_WP-1.webp\"},{\"@type\":\"BreadcrumbList\",\"@id\":\"https:\\\/\\\/onlinekidsacademy.org\\\/tr\\\/evde-ingilizce-ogren\\\/#breadcrumb\",\"itemListElement\":[{\"@type\":\"ListItem\",\"position\":1,\"name\":\"Home\",\"item\":\"https:\\\/\\\/onlinekidsacademy.org\\\/tr\\\/\"},{\"@type\":\"ListItem\",\"position\":2,\"name\":\"Bizimle ileti\u015fime ge\u00e7in\"}]},{\"@type\":\"WebSite\",\"@id\":\"https:\\\/\\\/onlinekidsacademy.org\\\/tr\\\/#website\",\"url\":\"https:\\\/\\\/onlinekidsacademy.org\\\/tr\\\/\",\"name\":\"Online Kids Academy\",\"description\":\"\u00c7ocuklar i\u00e7in evde \u0130ngilizce Pre-A1 seviyesi garanti \\n\",\"publisher\":{\"@id\":\"https:\\\/\\\/onlinekidsacademy.org\\\/tr\\\/#organization\"},\"potentialAction\":[{\"@type\":\"SearchAction\",\"target\":{\"@type\":\"EntryPoint\",\"urlTemplate\":\"https:\\\/\\\/onlinekidsacademy.org\\\/tr\\\/?s={search_term_string}\"},\"query-input\":{\"@type\":\"PropertyValueSpecification\",\"valueRequired\":true,\"valueName\":\"search_term_string\"}}],\"inLanguage\":\"tr\"},{\"@type\":\"Organization\",\"@id\":\"https:\\\/\\\/onlinekidsacademy.org\\\/tr\\\/#organization\",\"name\":\"Online Kids Academy\",\"url\":\"https:\\\/\\\/onlinekidsacademy.org\\\/tr\\\/\",\"logo\":{\"@type\":\"ImageObject\",\"inLanguage\":\"tr\",\"@id\":\"https:\\\/\\\/onlinekidsacademy.org\\\/tr\\\/#\\\/schema\\\/logo\\\/image\\\/\",\"url\":\"https:\\\/\\\/onlinekidsacademy.org\\\/wp-content\\\/uploads\\\/2022\\\/02\\\/OKA_SKE_New_150_150.webp\",\"contentUrl\":\"https:\\\/\\\/onlinekidsacademy.org\\\/wp-content\\\/uploads\\\/2022\\\/02\\\/OKA_SKE_New_150_150.webp\",\"width\":150,\"height\":150,\"caption\":\"Online Kids Academy\"},\"image\":{\"@id\":\"https:\\\/\\\/onlinekidsacademy.org\\\/tr\\\/#\\\/schema\\\/logo\\\/image\\\/\"}}]}<\/script>\n<!-- \/ Yoast SEO plugin. -->","yoast_head_json":{"title":"Bizimle ileti\u015fime ge\u00e7in - Online Kids Academy","description":"Evde \u0130ngilizce \u00f6\u011frenin. Dinamik Dil \u00d6\u011frenme Platformu - \u0130ngilizce \u00f6\u011frenmeleri i\u00e7in \u00e7ocuklar\u0131n alaka ve motivasyonlar\u0131n\u0131 y\u00fcksek tutar Dil becerilerini geli\u015ftirmek i\u00e7in benzersiz ara\u00e7lar sunmaktad\u0131r.","robots":{"index":"index","follow":"follow","max-snippet":"max-snippet:-1","max-image-preview":"max-image-preview:large","max-video-preview":"max-video-preview:-1"},"canonical":"https:\/\/onlinekidsacademy.org\/tr\/evde-ingilizce-ogren\/","og_locale":"tr_TR","og_type":"article","og_title":"Bizimle ileti\u015fime ge\u00e7in - Online Kids Academy","og_description":"Evde \u0130ngilizce \u00f6\u011frenin. Dinamik Dil \u00d6\u011frenme Platformu - \u0130ngilizce \u00f6\u011frenmeleri i\u00e7in \u00e7ocuklar\u0131n alaka ve motivasyonlar\u0131n\u0131 y\u00fcksek tutar Dil becerilerini geli\u015ftirmek i\u00e7in benzersiz ara\u00e7lar sunmaktad\u0131r.","og_url":"https:\/\/onlinekidsacademy.org\/tr\/evde-ingilizce-ogren\/","og_site_name":"Online Kids Academy","article_modified_time":"2024-03-24T06:39:43+00:00","og_image":[{"url":"https:\/\/onlinekidsacademy.org\/wp-content\/uploads\/2022\/02\/cropped-OKA_SKE_New_125_125_WP-1.webp","type":"","width":"","height":""}],"twitter_card":"summary_large_image","twitter_misc":{"Tahmini okuma s\u00fcresi":"1 dakika"},"schema":{"@context":"https:\/\/schema.org","@graph":[{"@type":"WebPage","@id":"https:\/\/onlinekidsacademy.org\/tr\/evde-ingilizce-ogren\/","url":"https:\/\/onlinekidsacademy.org\/tr\/evde-ingilizce-ogren\/","name":"Bizimle ileti\u015fime ge\u00e7in - Online Kids Academy","isPartOf":{"@id":"https:\/\/onlinekidsacademy.org\/tr\/#website"},"primaryImageOfPage":{"@id":"https:\/\/onlinekidsacademy.org\/tr\/evde-ingilizce-ogren\/#primaryimage"},"image":{"@id":"https:\/\/onlinekidsacademy.org\/tr\/evde-ingilizce-ogren\/#primaryimage"},"thumbnailUrl":"https:\/\/onlinekidsacademy.org\/wp-content\/uploads\/2022\/02\/cropped-OKA_SKE_New_125_125_WP-1.webp","datePublished":"2020-08-25T19:57:59+00:00","dateModified":"2024-03-24T06:39:43+00:00","description":"Evde \u0130ngilizce \u00f6\u011frenin. Dinamik Dil \u00d6\u011frenme Platformu - \u0130ngilizce \u00f6\u011frenmeleri i\u00e7in \u00e7ocuklar\u0131n alaka ve motivasyonlar\u0131n\u0131 y\u00fcksek tutar Dil becerilerini geli\u015ftirmek i\u00e7in benzersiz ara\u00e7lar sunmaktad\u0131r.","breadcrumb":{"@id":"https:\/\/onlinekidsacademy.org\/tr\/evde-ingilizce-ogren\/#breadcrumb"},"inLanguage":"tr","potentialAction":[{"@type":"ReadAction","target":["https:\/\/onlinekidsacademy.org\/tr\/evde-ingilizce-ogren\/"]}]},{"@type":"ImageObject","inLanguage":"tr","@id":"https:\/\/onlinekidsacademy.org\/tr\/evde-ingilizce-ogren\/#primaryimage","url":"https:\/\/onlinekidsacademy.org\/wp-content\/uploads\/2022\/02\/cropped-OKA_SKE_New_125_125_WP-1.webp","contentUrl":"https:\/\/onlinekidsacademy.org\/wp-content\/uploads\/2022\/02\/cropped-OKA_SKE_New_125_125_WP-1.webp"},{"@type":"BreadcrumbList","@id":"https:\/\/onlinekidsacademy.org\/tr\/evde-ingilizce-ogren\/#breadcrumb","itemListElement":[{"@type":"ListItem","position":1,"name":"Home","item":"https:\/\/onlinekidsacademy.org\/tr\/"},{"@type":"ListItem","position":2,"name":"Bizimle ileti\u015fime ge\u00e7in"}]},{"@type":"WebSite","@id":"https:\/\/onlinekidsacademy.org\/tr\/#website","url":"https:\/\/onlinekidsacademy.org\/tr\/","name":"Online Kids Academy","description":"\u00c7ocuklar i\u00e7in evde \u0130ngilizce Pre-A1 seviyesi garanti \n","publisher":{"@id":"https:\/\/onlinekidsacademy.org\/tr\/#organization"},"potentialAction":[{"@type":"SearchAction","target":{"@type":"EntryPoint","urlTemplate":"https:\/\/onlinekidsacademy.org\/tr\/?s={search_term_string}"},"query-input":{"@type":"PropertyValueSpecification","valueRequired":true,"valueName":"search_term_string"}}],"inLanguage":"tr"},{"@type":"Organization","@id":"https:\/\/onlinekidsacademy.org\/tr\/#organization","name":"Online Kids Academy","url":"https:\/\/onlinekidsacademy.org\/tr\/","logo":{"@type":"ImageObject","inLanguage":"tr","@id":"https:\/\/onlinekidsacademy.org\/tr\/#\/schema\/logo\/image\/","url":"https:\/\/onlinekidsacademy.org\/wp-content\/uploads\/2022\/02\/OKA_SKE_New_150_150.webp","contentUrl":"https:\/\/onlinekidsacademy.org\/wp-content\/uploads\/2022\/02\/OKA_SKE_New_150_150.webp","width":150,"height":150,"caption":"Online Kids Academy"},"image":{"@id":"https:\/\/onlinekidsacademy.org\/tr\/#\/schema\/logo\/image\/"}}]}},"jetpack_sharing_enabled":true,"_links":{"self":[{"href":"https:\/\/onlinekidsacademy.org\/tr\/wp-json\/wp\/v2\/pages\/3259","targetHints":{"allow":["GET"]}}],"collection":[{"href":"https:\/\/onlinekidsacademy.org\/tr\/wp-json\/wp\/v2\/pages"}],"about":[{"href":"https:\/\/onlinekidsacademy.org\/tr\/wp-json\/wp\/v2\/types\/page"}],"author":[{"embeddable":true,"href":"https:\/\/onlinekidsacademy.org\/tr\/wp-json\/wp\/v2\/users\/1"}],"replies":[{"embeddable":true,"href":"https:\/\/onlinekidsacademy.org\/tr\/wp-json\/wp\/v2\/comments?post=3259"}],"version-history":[{"count":0,"href":"https:\/\/onlinekidsacademy.org\/tr\/wp-json\/wp\/v2\/pages\/3259\/revisions"}],"wp:attachment":[{"href":"https:\/\/onlinekidsacademy.org\/tr\/wp-json\/wp\/v2\/media?parent=3259"}],"curies":[{"name":"wp","href":"https:\/\/api.w.org\/{rel}","templated":true}]}}