{"id":19083,"date":"2024-01-22T19:36:35","date_gmt":"2024-01-22T16:36:35","guid":{"rendered":"https:\/\/onlinekidsacademy.org\/minha-conta-2-2\/"},"modified":"2026-01-21T19:09:58","modified_gmt":"2026-01-21T16:09:58","slug":"partnership-account","status":"publish","type":"page","link":"https:\/\/onlinekidsacademy.org\/pt-br\/partnership-account\/","title":{"rendered":"Conta de parceria"},"content":{"rendered":"<style>.wp-block-kadence-advancedheading.kt-adv-heading18740_c1a4e3-8b, .wp-block-kadence-advancedheading.kt-adv-heading18740_c1a4e3-8b[data-kb-block=\"kb-adv-heading18740_c1a4e3-8b\"]{padding-bottom:0px;text-align:center;font-size:var(--global-kb-font-size-lg, 2rem);font-style:normal;}.wp-block-kadence-advancedheading.kt-adv-heading18740_c1a4e3-8b mark.kt-highlight, .wp-block-kadence-advancedheading.kt-adv-heading18740_c1a4e3-8b[data-kb-block=\"kb-adv-heading18740_c1a4e3-8b\"] mark.kt-highlight{font-style:normal;color:#f76a0c;-webkit-box-decoration-break:clone;box-decoration-break:clone;padding-top:0px;padding-right:0px;padding-bottom:0px;padding-left:0px;}.wp-block-kadence-advancedheading.kt-adv-heading18740_c1a4e3-8b img.kb-inline-image, .wp-block-kadence-advancedheading.kt-adv-heading18740_c1a4e3-8b[data-kb-block=\"kb-adv-heading18740_c1a4e3-8b\"] img.kb-inline-image{width:150px;vertical-align:baseline;}<\/style>\n<h2 class=\"kt-adv-heading18740_c1a4e3-8b wp-block-kadence-advancedheading\" data-kb-block=\"kb-adv-heading18740_c1a4e3-8b\">Conta de parceria de solu\u00e7\u00f5es<\/h2>\n<style>.kb-row-layout-id18740_f45ac6-fd > .kt-row-column-wrap{align-content:start;}:where(.kb-row-layout-id18740_f45ac6-fd > .kt-row-column-wrap) > .wp-block-kadence-column{justify-content:start;}.kb-row-layout-id18740_f45ac6-fd > .kt-row-column-wrap{column-gap:var(--global-kb-gap-md, 2rem);row-gap:var(--global-kb-gap-md, 2rem);max-width:var( --global-content-width, 1290px );padding-left:var(--global-content-edge-padding);padding-right:var(--global-content-edge-padding);padding-top:0px;padding-bottom:0px;grid-template-columns:minmax(0, 1fr);}.kb-row-layout-id18740_f45ac6-fd > .kt-row-layout-overlay{opacity:0.30;}@media all and (max-width: 1024px){.kb-row-layout-id18740_f45ac6-fd > .kt-row-column-wrap{grid-template-columns:minmax(0, 1fr);}}@media all and (max-width: 767px){.kb-row-layout-id18740_f45ac6-fd > .kt-row-column-wrap{grid-template-columns:minmax(0, 1fr);}}<\/style><div class=\"kb-row-layout-wrap kb-row-layout-id18740_f45ac6-fd alignnone wp-block-kadence-rowlayout\"><div class=\"kt-row-column-wrap kt-has-1-columns kt-row-layout-equal kt-tab-layout-inherit kt-mobile-layout-row kt-row-valign-top kb-theme-content-width\">\n<style>.kadence-column18740_fb9663-33 > .kt-inside-inner-col{display:flex;}.kadence-column18740_fb9663-33 > .kt-inside-inner-col,.kadence-column18740_fb9663-33 > .kt-inside-inner-col:before{border-top-left-radius:0px;border-top-right-radius:0px;border-bottom-right-radius:0px;border-bottom-left-radius:0px;}.kadence-column18740_fb9663-33 > .kt-inside-inner-col{column-gap:var(--global-kb-gap-sm, 1rem);}.kadence-column18740_fb9663-33 > .kt-inside-inner-col{flex-direction:column;justify-content:center;align-items:center;}.kadence-column18740_fb9663-33 > .kt-inside-inner-col > .kb-image-is-ratio-size{align-self:stretch;}.kadence-column18740_fb9663-33 > .kt-inside-inner-col > .wp-block-kadence-advancedgallery{align-self:stretch;}.kadence-column18740_fb9663-33 > .kt-inside-inner-col > .aligncenter{width:100%;}.kt-row-column-wrap > .kadence-column18740_fb9663-33{align-self:center;}.kt-inner-column-height-full:not(.kt-has-1-columns) > .wp-block-kadence-column.kadence-column18740_fb9663-33{align-self:auto;}.kt-inner-column-height-full:not(.kt-has-1-columns) > .wp-block-kadence-column.kadence-column18740_fb9663-33 > .kt-inside-inner-col{flex-direction:column;justify-content:center;}.kadence-column18740_fb9663-33 > .kt-inside-inner-col:before{opacity:0.3;}.kadence-column18740_fb9663-33{position:relative;}@media all and (max-width: 1024px){.kt-row-column-wrap > .kadence-column18740_fb9663-33{align-self:center;}}@media all and (max-width: 1024px){.kt-inner-column-height-full:not(.kt-has-1-columns) > .wp-block-kadence-column.kadence-column18740_fb9663-33{align-self:auto;}}@media all and (max-width: 1024px){.kt-inner-column-height-full:not(.kt-has-1-columns) > .wp-block-kadence-column.kadence-column18740_fb9663-33 > .kt-inside-inner-col{flex-direction:column;justify-content:center;}}@media all and (max-width: 1024px){.kadence-column18740_fb9663-33 > .kt-inside-inner-col{flex-direction:column;justify-content:center;align-items:center;}}@media all and (max-width: 767px){.kt-row-column-wrap > .kadence-column18740_fb9663-33{align-self:center;}.kt-inner-column-height-full:not(.kt-has-1-columns) > .wp-block-kadence-column.kadence-column18740_fb9663-33{align-self:auto;}.kt-inner-column-height-full:not(.kt-has-1-columns) > .wp-block-kadence-column.kadence-column18740_fb9663-33 > .kt-inside-inner-col{flex-direction:column;justify-content:center;}.kadence-column18740_fb9663-33 > .kt-inside-inner-col{flex-direction:column;justify-content:center;align-items:center;}}<\/style>\n<div class=\"wp-block-kadence-column kadence-column18740_fb9663-33 inner-column-1\"><div class=\"kt-inside-inner-col\"><style>.kb-image18740_f1bc5b-a9.kb-image-is-ratio-size, .kb-image18740_f1bc5b-a9 .kb-image-is-ratio-size{max-width:-310px;width:100%;}.wp-block-kadence-column > .kt-inside-inner-col > .kb-image18740_f1bc5b-a9.kb-image-is-ratio-size, .wp-block-kadence-column > .kt-inside-inner-col > .kb-image18740_f1bc5b-a9 .kb-image-is-ratio-size{align-self:unset;}.kb-image18740_f1bc5b-a9 figure{max-width:-310px;}.kb-image18740_f1bc5b-a9 .image-is-svg, .kb-image18740_f1bc5b-a9 .image-is-svg img{width:100%;}.kb-image18740_f1bc5b-a9 .kb-image-has-overlay:after{opacity:0.3;}<\/style>\n<div class=\"wp-block-kadence-image kb-image18740_f1bc5b-a9\"><figure class=\"aligncenter size-full\"><img decoding=\"async\" width=\"225\" height=\"228\" src=\"https:\/\/onlinekidsacademy.org\/wp-content\/uploads\/2024\/12\/Solution_Partner_Logo_225.webp\" alt=\"\" class=\"kb-img wp-image-32372\" srcset=\"https:\/\/onlinekidsacademy.org\/wp-content\/uploads\/2024\/12\/Solution_Partner_Logo_225.webp 225w, https:\/\/onlinekidsacademy.org\/wp-content\/uploads\/2024\/12\/Solution_Partner_Logo_225-100x100.webp 100w\" sizes=\"(max-width: 225px) 100vw, 225px\" \/><\/figure><\/div>\n<\/div><\/div>\n\n<\/div><\/div><style>.wp-block-kadence-advancedheading.kt-adv-heading18740_02481a-be, .wp-block-kadence-advancedheading.kt-adv-heading18740_02481a-be[data-kb-block=\"kb-adv-heading18740_02481a-be\"]{text-align:left;font-size:var(--global-kb-font-size-md, 1.25rem);font-style:normal;border-top:0.1em dashed var(--global-palette7, #EDF2F7);border-right:0.1em dashed var(--global-palette7, #EDF2F7);border-bottom:0.1em dashed var(--global-palette7, #EDF2F7);border-left:0.1em dashed var(--global-palette7, #EDF2F7);}.wp-block-kadence-advancedheading.kt-adv-heading18740_02481a-be mark.kt-highlight, .wp-block-kadence-advancedheading.kt-adv-heading18740_02481a-be[data-kb-block=\"kb-adv-heading18740_02481a-be\"] mark.kt-highlight{font-style:normal;color:var(--global-palette2, #2B6CB0);background:var(--global-palette7, #EDF2F7);-webkit-box-decoration-break:clone;box-decoration-break:clone;padding-top:0px;padding-right:0px;padding-bottom:0px;padding-left:0px;}.wp-block-kadence-advancedheading.kt-adv-heading18740_02481a-be img.kb-inline-image, .wp-block-kadence-advancedheading.kt-adv-heading18740_02481a-be[data-kb-block=\"kb-adv-heading18740_02481a-be\"] img.kb-inline-image{width:150px;vertical-align:baseline;}@media all and (max-width: 1024px){.wp-block-kadence-advancedheading.kt-adv-heading18740_02481a-be, .wp-block-kadence-advancedheading.kt-adv-heading18740_02481a-be[data-kb-block=\"kb-adv-heading18740_02481a-be\"]{border-top:0.1px dashed var(--global-palette7, #EDF2F7);border-right:0.1px dashed var(--global-palette7, #EDF2F7);border-bottom:0.1px dashed var(--global-palette7, #EDF2F7);border-left:0.1px dashed var(--global-palette7, #EDF2F7);}}@media all and (max-width: 767px){.wp-block-kadence-advancedheading.kt-adv-heading18740_02481a-be, .wp-block-kadence-advancedheading.kt-adv-heading18740_02481a-be[data-kb-block=\"kb-adv-heading18740_02481a-be\"]{padding-right:0px;padding-left:0px;margin-left:0px;border-top:0.1px dashed var(--global-palette7, #EDF2F7);border-right:0.1px dashed var(--global-palette7, #EDF2F7);border-bottom:0.1px dashed var(--global-palette7, #EDF2F7);border-left:0.1px dashed var(--global-palette7, #EDF2F7);}}<\/style>\n<h6 class=\"kt-adv-heading18740_02481a-be wp-block-kadence-advancedheading has-theme-palette-2-color has-text-color has-theme-palette-7-background-color has-background\" data-kb-block=\"kb-adv-heading18740_02481a-be\">Para acessar sua <strong>conta do Solution Partnership<\/strong>, voc\u00ea deve primeiro se tornar um Solution Partner. Em seguida, voc\u00ea pode clicar no link abaixo do seu nome de usu\u00e1rio para visualizar o <strong>Solution Partnership Program <\/strong>em detalhes.  Para fazer isso, voc\u00ea pode selecionar o idioma de sua prefer\u00eancia no menu. Voc\u00ea pode editar sua conta e alterar sua senha no painel. O painel tamb\u00e9m exibe seu Parents Subscription Link, Solution Partner Network Link, Creatives e todas as recompensas e receitas que voc\u00ea ganhou com base em sua atividade.<\/h6>\n<h6 style=\"text-align: center;\"><\/h6>\n","protected":false},"excerpt":{"rendered":"<p>Conta de parceria de solu\u00e7\u00f5es Para acessar sua conta do Solution Partnership, voc\u00ea deve primeiro se tornar um Solution Partner. Em seguida, voc\u00ea pode clicar no link abaixo do seu nome de usu\u00e1rio para visualizar o Solution Partnership Program em detalhes. Para fazer isso, voc\u00ea pode selecionar o idioma de sua prefer\u00eancia no menu. Voc\u00ea&#8230;<\/p>\n","protected":false},"author":1,"featured_media":0,"parent":0,"menu_order":0,"comment_status":"closed","ping_status":"closed","template":"","meta":{"_kadence_starter_templates_imported_post":false,"_kad_post_transparent":"","_kad_post_title":"","_kad_post_layout":"","_kad_post_sidebar_id":"","_kad_post_content_style":"","_kad_post_vertical_padding":"","_kad_post_feature":"","_kad_post_feature_position":"","_kad_post_header":false,"_kad_post_footer":false,"_kad_post_classname":"","productId":0,"courseId":0,"footnotes":""},"class_list":["post-19083","page","type-page","status-publish","hentry"],"yoast_head":"<!-- This site is optimized with the Yoast SEO plugin v27.4 - https:\/\/yoast.com\/product\/yoast-seo-wordpress\/ -->\n<title>Conta de parceria - Online Kids Academy<\/title>\n<meta name=\"robots\" content=\"index, follow, max-snippet:-1, max-image-preview:large, max-video-preview:-1\" \/>\n<link rel=\"canonical\" href=\"https:\/\/onlinekidsacademy.org\/pt-br\/partnership-account\/\" \/>\n<meta property=\"og:locale\" content=\"pt_BR\" \/>\n<meta property=\"og:type\" content=\"article\" \/>\n<meta property=\"og:title\" content=\"Conta de parceria - Online Kids Academy\" \/>\n<meta property=\"og:description\" content=\"Conta de parceria de solu\u00e7\u00f5es Para acessar sua conta do Solution Partnership, voc\u00ea deve primeiro se tornar um Solution Partner. Em seguida, voc\u00ea pode clicar no link abaixo do seu nome de usu\u00e1rio para visualizar o Solution Partnership Program em detalhes. Para fazer isso, voc\u00ea pode selecionar o idioma de sua prefer\u00eancia no menu. Voc\u00ea...\" \/>\n<meta property=\"og:url\" content=\"https:\/\/onlinekidsacademy.org\/pt-br\/partnership-account\/\" \/>\n<meta property=\"og:site_name\" content=\"Online Kids Academy\" \/>\n<meta property=\"article:modified_time\" content=\"2026-01-21T16:09:58+00:00\" \/>\n<meta property=\"og:image\" content=\"https:\/\/onlinekidsacademy.org\/wp-content\/uploads\/2024\/12\/Solution_Partner_Logo_225.webp\" \/>\n\t<meta property=\"og:image:width\" content=\"225\" \/>\n\t<meta property=\"og:image:height\" content=\"228\" \/>\n\t<meta property=\"og:image:type\" content=\"image\/webp\" \/>\n<meta name=\"twitter:card\" content=\"summary_large_image\" \/>\n<script type=\"application\/ld+json\" class=\"yoast-schema-graph\">{\"@context\":\"https:\\\/\\\/schema.org\",\"@graph\":[{\"@type\":\"WebPage\",\"@id\":\"https:\\\/\\\/onlinekidsacademy.org\\\/pt-br\\\/partnership-account\\\/\",\"url\":\"https:\\\/\\\/onlinekidsacademy.org\\\/pt-br\\\/partnership-account\\\/\",\"name\":\"Conta de parceria - Online Kids Academy\",\"isPartOf\":{\"@id\":\"https:\\\/\\\/onlinekidsacademy.org\\\/pt-br\\\/#website\"},\"primaryImageOfPage\":{\"@id\":\"https:\\\/\\\/onlinekidsacademy.org\\\/pt-br\\\/partnership-account\\\/#primaryimage\"},\"image\":{\"@id\":\"https:\\\/\\\/onlinekidsacademy.org\\\/pt-br\\\/partnership-account\\\/#primaryimage\"},\"thumbnailUrl\":\"https:\\\/\\\/onlinekidsacademy.org\\\/wp-content\\\/uploads\\\/2024\\\/12\\\/Solution_Partner_Logo_225.webp\",\"datePublished\":\"2024-01-22T16:36:35+00:00\",\"dateModified\":\"2026-01-21T16:09:58+00:00\",\"breadcrumb\":{\"@id\":\"https:\\\/\\\/onlinekidsacademy.org\\\/pt-br\\\/partnership-account\\\/#breadcrumb\"},\"inLanguage\":\"pt-BR\",\"potentialAction\":[{\"@type\":\"ReadAction\",\"target\":[\"https:\\\/\\\/onlinekidsacademy.org\\\/pt-br\\\/partnership-account\\\/\"]}]},{\"@type\":\"ImageObject\",\"inLanguage\":\"pt-BR\",\"@id\":\"https:\\\/\\\/onlinekidsacademy.org\\\/pt-br\\\/partnership-account\\\/#primaryimage\",\"url\":\"https:\\\/\\\/onlinekidsacademy.org\\\/wp-content\\\/uploads\\\/2024\\\/12\\\/Solution_Partner_Logo_225.webp\",\"contentUrl\":\"https:\\\/\\\/onlinekidsacademy.org\\\/wp-content\\\/uploads\\\/2024\\\/12\\\/Solution_Partner_Logo_225.webp\"},{\"@type\":\"BreadcrumbList\",\"@id\":\"https:\\\/\\\/onlinekidsacademy.org\\\/pt-br\\\/partnership-account\\\/#breadcrumb\",\"itemListElement\":[{\"@type\":\"ListItem\",\"position\":1,\"name\":\"Home\",\"item\":\"https:\\\/\\\/onlinekidsacademy.org\\\/pt-br\\\/\"},{\"@type\":\"ListItem\",\"position\":2,\"name\":\"Conta de parceria\"}]},{\"@type\":\"WebSite\",\"@id\":\"https:\\\/\\\/onlinekidsacademy.org\\\/pt-br\\\/#website\",\"url\":\"https:\\\/\\\/onlinekidsacademy.org\\\/pt-br\\\/\",\"name\":\"Online Kids Academy\",\"description\":\"Ingl\u00eas para crian\u00e7as em casa. N\u00edvel pr\u00e9-A1 GARANTIDO.\",\"publisher\":{\"@id\":\"https:\\\/\\\/onlinekidsacademy.org\\\/pt-br\\\/#organization\"},\"potentialAction\":[{\"@type\":\"SearchAction\",\"target\":{\"@type\":\"EntryPoint\",\"urlTemplate\":\"https:\\\/\\\/onlinekidsacademy.org\\\/pt-br\\\/?s={search_term_string}\"},\"query-input\":{\"@type\":\"PropertyValueSpecification\",\"valueRequired\":true,\"valueName\":\"search_term_string\"}}],\"inLanguage\":\"pt-BR\"},{\"@type\":\"Organization\",\"@id\":\"https:\\\/\\\/onlinekidsacademy.org\\\/pt-br\\\/#organization\",\"name\":\"Online Kids Academy\",\"url\":\"https:\\\/\\\/onlinekidsacademy.org\\\/pt-br\\\/\",\"logo\":{\"@type\":\"ImageObject\",\"inLanguage\":\"pt-BR\",\"@id\":\"https:\\\/\\\/onlinekidsacademy.org\\\/pt-br\\\/#\\\/schema\\\/logo\\\/image\\\/\",\"url\":\"https:\\\/\\\/onlinekidsacademy.org\\\/wp-content\\\/uploads\\\/2022\\\/02\\\/OKA_SKE_New_150_150.webp\",\"contentUrl\":\"https:\\\/\\\/onlinekidsacademy.org\\\/wp-content\\\/uploads\\\/2022\\\/02\\\/OKA_SKE_New_150_150.webp\",\"width\":150,\"height\":150,\"caption\":\"Online Kids Academy\"},\"image\":{\"@id\":\"https:\\\/\\\/onlinekidsacademy.org\\\/pt-br\\\/#\\\/schema\\\/logo\\\/image\\\/\"}}]}<\/script>\n<!-- \/ Yoast SEO plugin. -->","yoast_head_json":{"title":"Conta de parceria - Online Kids Academy","robots":{"index":"index","follow":"follow","max-snippet":"max-snippet:-1","max-image-preview":"max-image-preview:large","max-video-preview":"max-video-preview:-1"},"canonical":"https:\/\/onlinekidsacademy.org\/pt-br\/partnership-account\/","og_locale":"pt_BR","og_type":"article","og_title":"Conta de parceria - Online Kids Academy","og_description":"Conta de parceria de solu\u00e7\u00f5es Para acessar sua conta do Solution Partnership, voc\u00ea deve primeiro se tornar um Solution Partner. Em seguida, voc\u00ea pode clicar no link abaixo do seu nome de usu\u00e1rio para visualizar o Solution Partnership Program em detalhes. Para fazer isso, voc\u00ea pode selecionar o idioma de sua prefer\u00eancia no menu. Voc\u00ea...","og_url":"https:\/\/onlinekidsacademy.org\/pt-br\/partnership-account\/","og_site_name":"Online Kids Academy","article_modified_time":"2026-01-21T16:09:58+00:00","og_image":[{"width":225,"height":228,"url":"https:\/\/onlinekidsacademy.org\/wp-content\/uploads\/2024\/12\/Solution_Partner_Logo_225.webp","type":"image\/webp"}],"twitter_card":"summary_large_image","schema":{"@context":"https:\/\/schema.org","@graph":[{"@type":"WebPage","@id":"https:\/\/onlinekidsacademy.org\/pt-br\/partnership-account\/","url":"https:\/\/onlinekidsacademy.org\/pt-br\/partnership-account\/","name":"Conta de parceria - Online Kids Academy","isPartOf":{"@id":"https:\/\/onlinekidsacademy.org\/pt-br\/#website"},"primaryImageOfPage":{"@id":"https:\/\/onlinekidsacademy.org\/pt-br\/partnership-account\/#primaryimage"},"image":{"@id":"https:\/\/onlinekidsacademy.org\/pt-br\/partnership-account\/#primaryimage"},"thumbnailUrl":"https:\/\/onlinekidsacademy.org\/wp-content\/uploads\/2024\/12\/Solution_Partner_Logo_225.webp","datePublished":"2024-01-22T16:36:35+00:00","dateModified":"2026-01-21T16:09:58+00:00","breadcrumb":{"@id":"https:\/\/onlinekidsacademy.org\/pt-br\/partnership-account\/#breadcrumb"},"inLanguage":"pt-BR","potentialAction":[{"@type":"ReadAction","target":["https:\/\/onlinekidsacademy.org\/pt-br\/partnership-account\/"]}]},{"@type":"ImageObject","inLanguage":"pt-BR","@id":"https:\/\/onlinekidsacademy.org\/pt-br\/partnership-account\/#primaryimage","url":"https:\/\/onlinekidsacademy.org\/wp-content\/uploads\/2024\/12\/Solution_Partner_Logo_225.webp","contentUrl":"https:\/\/onlinekidsacademy.org\/wp-content\/uploads\/2024\/12\/Solution_Partner_Logo_225.webp"},{"@type":"BreadcrumbList","@id":"https:\/\/onlinekidsacademy.org\/pt-br\/partnership-account\/#breadcrumb","itemListElement":[{"@type":"ListItem","position":1,"name":"Home","item":"https:\/\/onlinekidsacademy.org\/pt-br\/"},{"@type":"ListItem","position":2,"name":"Conta de parceria"}]},{"@type":"WebSite","@id":"https:\/\/onlinekidsacademy.org\/pt-br\/#website","url":"https:\/\/onlinekidsacademy.org\/pt-br\/","name":"Online Kids Academy","description":"Ingl\u00eas para crian\u00e7as em casa. N\u00edvel pr\u00e9-A1 GARANTIDO.","publisher":{"@id":"https:\/\/onlinekidsacademy.org\/pt-br\/#organization"},"potentialAction":[{"@type":"SearchAction","target":{"@type":"EntryPoint","urlTemplate":"https:\/\/onlinekidsacademy.org\/pt-br\/?s={search_term_string}"},"query-input":{"@type":"PropertyValueSpecification","valueRequired":true,"valueName":"search_term_string"}}],"inLanguage":"pt-BR"},{"@type":"Organization","@id":"https:\/\/onlinekidsacademy.org\/pt-br\/#organization","name":"Online Kids Academy","url":"https:\/\/onlinekidsacademy.org\/pt-br\/","logo":{"@type":"ImageObject","inLanguage":"pt-BR","@id":"https:\/\/onlinekidsacademy.org\/pt-br\/#\/schema\/logo\/image\/","url":"https:\/\/onlinekidsacademy.org\/wp-content\/uploads\/2022\/02\/OKA_SKE_New_150_150.webp","contentUrl":"https:\/\/onlinekidsacademy.org\/wp-content\/uploads\/2022\/02\/OKA_SKE_New_150_150.webp","width":150,"height":150,"caption":"Online Kids Academy"},"image":{"@id":"https:\/\/onlinekidsacademy.org\/pt-br\/#\/schema\/logo\/image\/"}}]}},"jetpack_sharing_enabled":true,"_links":{"self":[{"href":"https:\/\/onlinekidsacademy.org\/pt-br\/wp-json\/wp\/v2\/pages\/19083","targetHints":{"allow":["GET"]}}],"collection":[{"href":"https:\/\/onlinekidsacademy.org\/pt-br\/wp-json\/wp\/v2\/pages"}],"about":[{"href":"https:\/\/onlinekidsacademy.org\/pt-br\/wp-json\/wp\/v2\/types\/page"}],"author":[{"embeddable":true,"href":"https:\/\/onlinekidsacademy.org\/pt-br\/wp-json\/wp\/v2\/users\/1"}],"replies":[{"embeddable":true,"href":"https:\/\/onlinekidsacademy.org\/pt-br\/wp-json\/wp\/v2\/comments?post=19083"}],"version-history":[{"count":0,"href":"https:\/\/onlinekidsacademy.org\/pt-br\/wp-json\/wp\/v2\/pages\/19083\/revisions"}],"wp:attachment":[{"href":"https:\/\/onlinekidsacademy.org\/pt-br\/wp-json\/wp\/v2\/media?parent=19083"}],"curies":[{"name":"wp","href":"https:\/\/api.w.org\/{rel}","templated":true}]}}