{"id":3932,"date":"2020-08-25T22:57:59","date_gmt":"2020-08-25T19:57:59","guid":{"rendered":"https:\/\/onlinekidsacademy.org\/apprendre-langlais-a-la-maison\/"},"modified":"2022-07-15T11:01:08","modified_gmt":"2022-07-15T08:01:08","slug":"apprendre-langlais-a-la-maison","status":"publish","type":"page","link":"https:\/\/onlinekidsacademy.org\/fr\/apprendre-langlais-a-la-maison\/","title":{"rendered":"Nous contacter"},"content":{"rendered":"<style>.wp-block-kadence-advancedheading.kt-adv-heading_5ea98c-0a, .wp-block-kadence-advancedheading.kt-adv-heading_5ea98c-0a[data-kb-block=\"kb-adv-heading_5ea98c-0a\"]{text-align:center;font-size:1.7em;line-height:1.2em;font-style:normal;}.wp-block-kadence-advancedheading.kt-adv-heading_5ea98c-0a mark.kt-highlight, .wp-block-kadence-advancedheading.kt-adv-heading_5ea98c-0a[data-kb-block=\"kb-adv-heading_5ea98c-0a\"] mark.kt-highlight{font-style:normal;color:#f76a0c;-webkit-box-decoration-break:clone;box-decoration-break:clone;padding-top:0px;padding-right:0px;padding-bottom:0px;padding-left:0px;}.wp-block-kadence-advancedheading.kt-adv-heading_5ea98c-0a img.kb-inline-image, .wp-block-kadence-advancedheading.kt-adv-heading_5ea98c-0a[data-kb-block=\"kb-adv-heading_5ea98c-0a\"] img.kb-inline-image{width:150px;vertical-align:baseline;}<\/style>\n<h1 class=\"kt-adv-heading_5ea98c-0a wp-block-kadence-advancedheading\" data-kb-block=\"kb-adv-heading_5ea98c-0a\">Apprendre l&#8217;Anglais \u00e0 la maison<\/h1>\n\n\n<div class=\"wp-block-image\">\n<figure class=\"aligncenter size-full\"><img decoding=\"async\" width=\"125\" height=\"125\" src=\"https:\/\/onlinekidsacademy.org\/wp-content\/uploads\/2022\/02\/cropped-OKA_SKE_New_125_125_WP-1.webp\" alt=\"La plateforme d'apprentissage de la langue Anglaise Online Kids Academy fournit l'Anglais en ligne aux enfants \u00e0 la maison et les enfants apprennent l'anglais \u00e0 la maison - l'anglais en ligne \u00e0 la maison.\" class=\"wp-image-1920\" srcset=\"https:\/\/onlinekidsacademy.org\/wp-content\/uploads\/2022\/02\/cropped-OKA_SKE_New_125_125_WP-1.webp 125w, https:\/\/onlinekidsacademy.org\/wp-content\/uploads\/2022\/02\/cropped-OKA_SKE_New_125_125_WP-1-100x100.webp 100w\" sizes=\"(max-width: 125px) 100vw, 125px\" \/><\/figure>\n<\/div>\n\n<style>.wp-block-kadence-advancedheading.kt-adv-heading_85f934-11, .wp-block-kadence-advancedheading.kt-adv-heading_85f934-11[data-kb-block=\"kb-adv-heading_85f934-11\"]{margin-bottom:2.8rem;text-align:center;font-size:1.6em;line-height:1.2em;font-weight:normal;font-style:normal;}.wp-block-kadence-advancedheading.kt-adv-heading_85f934-11 mark.kt-highlight, .wp-block-kadence-advancedheading.kt-adv-heading_85f934-11[data-kb-block=\"kb-adv-heading_85f934-11\"] mark.kt-highlight{font-weight:normal;font-style:normal;color:#f76a0c;-webkit-box-decoration-break:clone;box-decoration-break:clone;padding-top:0px;padding-right:0px;padding-bottom:0px;padding-left:0px;}.wp-block-kadence-advancedheading.kt-adv-heading_85f934-11 img.kb-inline-image, .wp-block-kadence-advancedheading.kt-adv-heading_85f934-11[data-kb-block=\"kb-adv-heading_85f934-11\"] img.kb-inline-image{width:150px;vertical-align:baseline;}<\/style>\n<h2 class=\"kt-adv-heading_85f934-11 wp-block-kadence-advancedheading has-theme-palette-5-color has-text-color\" data-kb-block=\"kb-adv-heading_85f934-11\"><strong>Nous contacter<\/strong><\/h2>\n\n\n<style>.wp-block-kadence-advancedheading.kt-adv-heading_f1560f-53, .wp-block-kadence-advancedheading.kt-adv-heading_f1560f-53[data-kb-block=\"kb-adv-heading_f1560f-53\"]{margin-bottom:2.8rem;text-align:center;font-size:1.2em;line-height:1.8em;font-weight:normal;font-style:normal;}.wp-block-kadence-advancedheading.kt-adv-heading_f1560f-53 mark.kt-highlight, .wp-block-kadence-advancedheading.kt-adv-heading_f1560f-53[data-kb-block=\"kb-adv-heading_f1560f-53\"] mark.kt-highlight{font-weight:normal;font-style:normal;color:#f76a0c;-webkit-box-decoration-break:clone;box-decoration-break:clone;padding-top:0px;padding-right:0px;padding-bottom:0px;padding-left:0px;}.wp-block-kadence-advancedheading.kt-adv-heading_f1560f-53 img.kb-inline-image, .wp-block-kadence-advancedheading.kt-adv-heading_f1560f-53[data-kb-block=\"kb-adv-heading_f1560f-53\"] img.kb-inline-image{width:150px;vertical-align:baseline;}<\/style>\n<h4 class=\"kt-adv-heading_f1560f-53 wp-block-kadence-advancedheading has-theme-palette-5-color has-text-color\" data-kb-block=\"kb-adv-heading_f1560f-53\">Pour toutes demandes, merci de nous envoyer un mail via le formulaire ci-dessous.<\/h4>\n\n\n<style>.kadence-form-_dd2ea8-66 .kb-form .kadence-blocks-form-field .kb-text-style-field, .kadence-form-_dd2ea8-66 .kb-form .kadence-blocks-form-field .kb-select-style-field{border-radius:6px;background:var(--global-palette9, #ffffff);border-color:#b5bec8;box-shadow:2px 2px 4px 0px rgba(0, 0, 0, 0.02);}.kadence-form-_dd2ea8-66 .kb-form .kadence-blocks-form-field .kb-text-style-field:focus, .kadence-form-_dd2ea8-66 .kb-form .kadence-blocks-form-field .kb-select-style-field:focus{box-shadow:2px 2px 4px 0px rgba(0, 0, 0, 0.06);}.kadence-form-_dd2ea8-66 .kb-form .kadence-blocks-form-field > label{color:var(--global-palette4, #2D3748);font-size:1em;}.kadence-form-_dd2ea8-66 .kb-form .kadence-blocks-form-field .kb-forms-submit{color:#ffffff;border-radius:6px;background:var(--global-palette1, #3182CE);}.kadence-form-_dd2ea8-66 .kb-form .kadence-blocks-form-field .kb-forms-submit:hover, .kadence-form-_dd2ea8-66 .kb-form .kadence-blocks-form-field .kb-forms-submit:focus {color:#ffffff;background:var(--global-palette2, #2B6CB0);}.kadence-form-_dd2ea8-66 .kb-form .kadence-blocks-form-field .kb-forms-submit{padding-top:12px;padding-right:40px;padding-bottom:12px;padding-left:40px;}.kadence-form-_dd2ea8-66 .kb-form .kadence-blocks-form-field .kb-forms-submit{font-size:20px;}.kb-form input.kadence-blocks-field.verify{opacity:0.0;position:absolute;top:0.0;left:0.0;width:0.0;height:0.0;z-index:-1;}<\/style>\n<div class=\"wp-block-kadence-form kadence-form-_dd2ea8-66 kb-form-wrap\"><form class=\"kb-form\" action=\"\" method=\"post\"><div class=\"kadence-blocks-form-field kb-field-desk-width-50 kb-input-size-standard\"><label for=\"kb_field__dd2ea8-66_0\">Pr\u00e9nom<\/label><input name=\"kb_field_0\" id=\"kb_field__dd2ea8-66_0\" data-label=\"Pr&#xE9;nom\" type=\"text\" placeholder=\"\" value=\"\" data-type=\"text\" class=\"kb-field kb-text-style-field kb-text-field kb-field-0\" data-required=\"yes\"\/><\/div><div class=\"kadence-blocks-form-field kb-form-field-1 kb-field-desk-width-50 kb-input-size-standard\"><label for=\"kb_field__dd2ea8-66_1\">Nom de famille<\/label><input name=\"kb_field_1\" id=\"kb_field__dd2ea8-66_1\" data-label=\"Nom de famille\" type=\"text\" placeholder=\"\" value=\"\" data-type=\"text\" class=\"kb-field kb-text-style-field kb-text-field kb-field-1\" data-required=\"yes\"\/><\/div><div class=\"kadence-blocks-form-field kb-form-field-2 kb-field-desk-width-100 kb-input-size-standard\"><label for=\"kb_field__dd2ea8-66_2\">E-mail<\/label><input name=\"kb_field_2\" id=\"kb_field__dd2ea8-66_2\" data-label=\"E-mail\" type=\"email\" placeholder=\"\" value=\"\" data-type=\"email\" class=\"kb-field kb-text-style-field kb-email-field kb-field-2\" data-required=\"yes\"\/><\/div><div class=\"kadence-blocks-form-field kb-form-field-3 kb-field-desk-width-100 kb-input-size-standard\"><label for=\"kb_field__dd2ea8-66_3\">Nom d&#8217;utilisateur et e-mail d&#8217;achat<\/label><input name=\"kb_field_3\" id=\"kb_field__dd2ea8-66_3\" data-label=\"Nom d'utilisateur et e-mail d'achat\" type=\"text\" placeholder=\"\" value=\"\" data-type=\"text\" class=\"kb-field kb-text-style-field kb-text-field kb-field-3\"\/><\/div><div class=\"kadence-blocks-form-field kb-form-field-4 kb-field-desk-width-100 kb-input-size-standard\"><label for=\"kb_field__dd2ea8-66_4\">Un message<\/label><textarea name=\"kb_field_4\" id=\"kb_field__dd2ea8-66_4\" data-label=\"Un message\" type=\"textarea\" placeholder=\"\" data-type=\"textarea\" class=\"kb-field kb-text-style-field kb-textarea-field kb-field-4\" rows=\"4\"><\/textarea><span class=\"kb-field-help\">Veuillez entrer les d\u00e9tails de votre demande. Un membre de notre personnel d&#8217;assistance vous r\u00e9pondra dans les plus brefs d\u00e9lais.<\/span><\/div><div class=\"kadence-blocks-form-field kb-form-field-5 kb-field-desk-width-100 kb-input-size-standard kb-accept-form-field\"><input type=\"checkbox\" name=\"kb_field_5\" id=\"kb_field__dd2ea8-66_5\" class=\"kb-field kb-checkbox-style kb-accept\" value=\"J'accepte\" data-type=\"accept\" data-required=\"yes\"\/><label for=\"kb_field__dd2ea8-66_5\">En s\u00e9lectionnant ceci, vous acceptez notre politique de confidentialit\u00e9 et notre politique en mati\u00e8re de cookies<\/label><\/div><input type=\"hidden\" name=\"_kb_form_id\" value=\"_dd2ea8-66\"\/><input type=\"hidden\" name=\"_kb_form_post_id\" value=\"3932\"\/><input type=\"hidden\" name=\"action\" value=\"kb_process_ajax_submit\"\/><label class=\"kadence-verify-label\">Email<input class=\"kadence-blocks-field verify\" type=\"text\" name=\"_kb_verify_email\" autocomplete=\"new-password\" aria-hidden=\"true\" placeholder=\"Email\" tabindex=\"-1\" data-1p-ignore=\"true\" data-lpignore=\"true\" \/><\/label><div class=\"kadence-blocks-form-field kb-submit-field kb-field-desk-width-100\"><button class=\"kb-forms-submit button kb-button-size-custom kb-button-width-full\">Envoyez le message<\/button><\/div><\/form><\/div>\n<noscript><div class=\"kadence-blocks-form-message kadence-blocks-form-warning\">Veuillez activer JavaScript dans votre navigateur pour envoyer le formulaire.<\/div><style>.kadence-form-_dd2ea8-66 .kadence-blocks-form-field.kb-submit-field { display: none; }<\/style><\/noscript>","protected":false},"excerpt":{"rendered":"<p>Apprendre l&#8217;Anglais \u00e0 la maison Nous contacter Pour toutes demandes, merci de nous envoyer un mail via le formulaire ci-dessous.<\/p>\n","protected":false},"author":1,"featured_media":0,"parent":0,"menu_order":0,"comment_status":"closed","ping_status":"closed","template":"","meta":{"_kadence_starter_templates_imported_post":false,"_kad_post_transparent":"disable","_kad_post_title":"hide","_kad_post_layout":"narrow","_kad_post_sidebar_id":"","_kad_post_content_style":"boxed","_kad_post_vertical_padding":"hide","_kad_post_feature":"hide","_kad_post_feature_position":"","_kad_post_header":false,"_kad_post_footer":true,"_kad_post_classname":"","productId":0,"courseId":0,"footnotes":""},"class_list":["post-3932","page","type-page","status-publish","hentry"],"yoast_head":"<!-- This site is optimized with the Yoast SEO plugin v27.4 - https:\/\/yoast.com\/product\/yoast-seo-wordpress\/ -->\n<title>Nous contacter - Online Kids Academy<\/title>\n<meta name=\"description\" content=\"Apprenez l&#039;Anglais \u00e0 la maison. Plateforme d&#039;apprentissage dynamique des Langues - Maintient les enfants motiv\u00e9s et engag\u00e9s. Fournit des outils uniques pour am\u00e9liorer les comp\u00e9tences.\" \/>\n<meta name=\"robots\" content=\"index, follow, max-snippet:-1, max-image-preview:large, max-video-preview:-1\" \/>\n<link rel=\"canonical\" href=\"https:\/\/onlinekidsacademy.org\/fr\/apprendre-langlais-a-la-maison\/\" \/>\n<meta property=\"og:locale\" content=\"fr_FR\" \/>\n<meta property=\"og:type\" content=\"article\" \/>\n<meta property=\"og:title\" content=\"Nous contacter - Online Kids Academy\" \/>\n<meta property=\"og:description\" content=\"Apprenez l&#039;Anglais \u00e0 la maison. Plateforme d&#039;apprentissage dynamique des Langues - Maintient les enfants motiv\u00e9s et engag\u00e9s. Fournit des outils uniques pour am\u00e9liorer les comp\u00e9tences.\" \/>\n<meta property=\"og:url\" content=\"https:\/\/onlinekidsacademy.org\/fr\/apprendre-langlais-a-la-maison\/\" \/>\n<meta property=\"og:site_name\" content=\"Online Kids Academy\" \/>\n<meta property=\"article:modified_time\" content=\"2022-07-15T08:01:08+00:00\" \/>\n<meta property=\"og:image\" content=\"https:\/\/onlinekidsacademy.org\/wp-content\/uploads\/2022\/02\/cropped-OKA_SKE_New_125_125_WP-1.webp\" \/>\n<meta name=\"twitter:card\" content=\"summary_large_image\" \/>\n<meta name=\"twitter:label1\" content=\"Dur\u00e9e de lecture estim\u00e9e\" \/>\n\t<meta name=\"twitter:data1\" content=\"1 minute\" \/>\n<script type=\"application\/ld+json\" class=\"yoast-schema-graph\">{\"@context\":\"https:\\\/\\\/schema.org\",\"@graph\":[{\"@type\":\"WebPage\",\"@id\":\"https:\\\/\\\/onlinekidsacademy.org\\\/fr\\\/apprendre-langlais-a-la-maison\\\/\",\"url\":\"https:\\\/\\\/onlinekidsacademy.org\\\/fr\\\/apprendre-langlais-a-la-maison\\\/\",\"name\":\"Nous contacter - Online Kids Academy\",\"isPartOf\":{\"@id\":\"https:\\\/\\\/onlinekidsacademy.org\\\/fr\\\/#website\"},\"primaryImageOfPage\":{\"@id\":\"https:\\\/\\\/onlinekidsacademy.org\\\/fr\\\/apprendre-langlais-a-la-maison\\\/#primaryimage\"},\"image\":{\"@id\":\"https:\\\/\\\/onlinekidsacademy.org\\\/fr\\\/apprendre-langlais-a-la-maison\\\/#primaryimage\"},\"thumbnailUrl\":\"https:\\\/\\\/onlinekidsacademy.org\\\/wp-content\\\/uploads\\\/2022\\\/02\\\/cropped-OKA_SKE_New_125_125_WP-1.webp\",\"datePublished\":\"2020-08-25T19:57:59+00:00\",\"dateModified\":\"2022-07-15T08:01:08+00:00\",\"description\":\"Apprenez l'Anglais \u00e0 la maison. Plateforme d'apprentissage dynamique des Langues - Maintient les enfants motiv\u00e9s et engag\u00e9s. Fournit des outils uniques pour am\u00e9liorer les comp\u00e9tences.\",\"breadcrumb\":{\"@id\":\"https:\\\/\\\/onlinekidsacademy.org\\\/fr\\\/apprendre-langlais-a-la-maison\\\/#breadcrumb\"},\"inLanguage\":\"fr-FR\",\"potentialAction\":[{\"@type\":\"ReadAction\",\"target\":[\"https:\\\/\\\/onlinekidsacademy.org\\\/fr\\\/apprendre-langlais-a-la-maison\\\/\"]}]},{\"@type\":\"ImageObject\",\"inLanguage\":\"fr-FR\",\"@id\":\"https:\\\/\\\/onlinekidsacademy.org\\\/fr\\\/apprendre-langlais-a-la-maison\\\/#primaryimage\",\"url\":\"https:\\\/\\\/onlinekidsacademy.org\\\/wp-content\\\/uploads\\\/2022\\\/02\\\/cropped-OKA_SKE_New_125_125_WP-1.webp\",\"contentUrl\":\"https:\\\/\\\/onlinekidsacademy.org\\\/wp-content\\\/uploads\\\/2022\\\/02\\\/cropped-OKA_SKE_New_125_125_WP-1.webp\"},{\"@type\":\"BreadcrumbList\",\"@id\":\"https:\\\/\\\/onlinekidsacademy.org\\\/fr\\\/apprendre-langlais-a-la-maison\\\/#breadcrumb\",\"itemListElement\":[{\"@type\":\"ListItem\",\"position\":1,\"name\":\"Home\",\"item\":\"https:\\\/\\\/onlinekidsacademy.org\\\/fr\\\/\"},{\"@type\":\"ListItem\",\"position\":2,\"name\":\"Nous contacter\"}]},{\"@type\":\"WebSite\",\"@id\":\"https:\\\/\\\/onlinekidsacademy.org\\\/fr\\\/#website\",\"url\":\"https:\\\/\\\/onlinekidsacademy.org\\\/fr\\\/\",\"name\":\"Online Kids Academy\",\"description\":\"Anglais pour les enfants \u00e0 la maison Niveau pr\u00e9-A1 garanti \\n\",\"publisher\":{\"@id\":\"https:\\\/\\\/onlinekidsacademy.org\\\/fr\\\/#organization\"},\"potentialAction\":[{\"@type\":\"SearchAction\",\"target\":{\"@type\":\"EntryPoint\",\"urlTemplate\":\"https:\\\/\\\/onlinekidsacademy.org\\\/fr\\\/?s={search_term_string}\"},\"query-input\":{\"@type\":\"PropertyValueSpecification\",\"valueRequired\":true,\"valueName\":\"search_term_string\"}}],\"inLanguage\":\"fr-FR\"},{\"@type\":\"Organization\",\"@id\":\"https:\\\/\\\/onlinekidsacademy.org\\\/fr\\\/#organization\",\"name\":\"Online Kids Academy\",\"url\":\"https:\\\/\\\/onlinekidsacademy.org\\\/fr\\\/\",\"logo\":{\"@type\":\"ImageObject\",\"inLanguage\":\"fr-FR\",\"@id\":\"https:\\\/\\\/onlinekidsacademy.org\\\/fr\\\/#\\\/schema\\\/logo\\\/image\\\/\",\"url\":\"https:\\\/\\\/onlinekidsacademy.org\\\/wp-content\\\/uploads\\\/2022\\\/02\\\/OKA_SKE_New_150_150.webp\",\"contentUrl\":\"https:\\\/\\\/onlinekidsacademy.org\\\/wp-content\\\/uploads\\\/2022\\\/02\\\/OKA_SKE_New_150_150.webp\",\"width\":150,\"height\":150,\"caption\":\"Online Kids Academy\"},\"image\":{\"@id\":\"https:\\\/\\\/onlinekidsacademy.org\\\/fr\\\/#\\\/schema\\\/logo\\\/image\\\/\"}}]}<\/script>\n<!-- \/ Yoast SEO plugin. -->","yoast_head_json":{"title":"Nous contacter - Online Kids Academy","description":"Apprenez l'Anglais \u00e0 la maison. Plateforme d'apprentissage dynamique des Langues - Maintient les enfants motiv\u00e9s et engag\u00e9s. Fournit des outils uniques pour am\u00e9liorer les comp\u00e9tences.","robots":{"index":"index","follow":"follow","max-snippet":"max-snippet:-1","max-image-preview":"max-image-preview:large","max-video-preview":"max-video-preview:-1"},"canonical":"https:\/\/onlinekidsacademy.org\/fr\/apprendre-langlais-a-la-maison\/","og_locale":"fr_FR","og_type":"article","og_title":"Nous contacter - Online Kids Academy","og_description":"Apprenez l'Anglais \u00e0 la maison. Plateforme d'apprentissage dynamique des Langues - Maintient les enfants motiv\u00e9s et engag\u00e9s. Fournit des outils uniques pour am\u00e9liorer les comp\u00e9tences.","og_url":"https:\/\/onlinekidsacademy.org\/fr\/apprendre-langlais-a-la-maison\/","og_site_name":"Online Kids Academy","article_modified_time":"2022-07-15T08:01:08+00:00","og_image":[{"url":"https:\/\/onlinekidsacademy.org\/wp-content\/uploads\/2022\/02\/cropped-OKA_SKE_New_125_125_WP-1.webp","type":"","width":"","height":""}],"twitter_card":"summary_large_image","twitter_misc":{"Dur\u00e9e de lecture estim\u00e9e":"1 minute"},"schema":{"@context":"https:\/\/schema.org","@graph":[{"@type":"WebPage","@id":"https:\/\/onlinekidsacademy.org\/fr\/apprendre-langlais-a-la-maison\/","url":"https:\/\/onlinekidsacademy.org\/fr\/apprendre-langlais-a-la-maison\/","name":"Nous contacter - Online Kids Academy","isPartOf":{"@id":"https:\/\/onlinekidsacademy.org\/fr\/#website"},"primaryImageOfPage":{"@id":"https:\/\/onlinekidsacademy.org\/fr\/apprendre-langlais-a-la-maison\/#primaryimage"},"image":{"@id":"https:\/\/onlinekidsacademy.org\/fr\/apprendre-langlais-a-la-maison\/#primaryimage"},"thumbnailUrl":"https:\/\/onlinekidsacademy.org\/wp-content\/uploads\/2022\/02\/cropped-OKA_SKE_New_125_125_WP-1.webp","datePublished":"2020-08-25T19:57:59+00:00","dateModified":"2022-07-15T08:01:08+00:00","description":"Apprenez l'Anglais \u00e0 la maison. Plateforme d'apprentissage dynamique des Langues - Maintient les enfants motiv\u00e9s et engag\u00e9s. Fournit des outils uniques pour am\u00e9liorer les comp\u00e9tences.","breadcrumb":{"@id":"https:\/\/onlinekidsacademy.org\/fr\/apprendre-langlais-a-la-maison\/#breadcrumb"},"inLanguage":"fr-FR","potentialAction":[{"@type":"ReadAction","target":["https:\/\/onlinekidsacademy.org\/fr\/apprendre-langlais-a-la-maison\/"]}]},{"@type":"ImageObject","inLanguage":"fr-FR","@id":"https:\/\/onlinekidsacademy.org\/fr\/apprendre-langlais-a-la-maison\/#primaryimage","url":"https:\/\/onlinekidsacademy.org\/wp-content\/uploads\/2022\/02\/cropped-OKA_SKE_New_125_125_WP-1.webp","contentUrl":"https:\/\/onlinekidsacademy.org\/wp-content\/uploads\/2022\/02\/cropped-OKA_SKE_New_125_125_WP-1.webp"},{"@type":"BreadcrumbList","@id":"https:\/\/onlinekidsacademy.org\/fr\/apprendre-langlais-a-la-maison\/#breadcrumb","itemListElement":[{"@type":"ListItem","position":1,"name":"Home","item":"https:\/\/onlinekidsacademy.org\/fr\/"},{"@type":"ListItem","position":2,"name":"Nous contacter"}]},{"@type":"WebSite","@id":"https:\/\/onlinekidsacademy.org\/fr\/#website","url":"https:\/\/onlinekidsacademy.org\/fr\/","name":"Online Kids Academy","description":"Anglais pour les enfants \u00e0 la maison Niveau pr\u00e9-A1 garanti \n","publisher":{"@id":"https:\/\/onlinekidsacademy.org\/fr\/#organization"},"potentialAction":[{"@type":"SearchAction","target":{"@type":"EntryPoint","urlTemplate":"https:\/\/onlinekidsacademy.org\/fr\/?s={search_term_string}"},"query-input":{"@type":"PropertyValueSpecification","valueRequired":true,"valueName":"search_term_string"}}],"inLanguage":"fr-FR"},{"@type":"Organization","@id":"https:\/\/onlinekidsacademy.org\/fr\/#organization","name":"Online Kids Academy","url":"https:\/\/onlinekidsacademy.org\/fr\/","logo":{"@type":"ImageObject","inLanguage":"fr-FR","@id":"https:\/\/onlinekidsacademy.org\/fr\/#\/schema\/logo\/image\/","url":"https:\/\/onlinekidsacademy.org\/wp-content\/uploads\/2022\/02\/OKA_SKE_New_150_150.webp","contentUrl":"https:\/\/onlinekidsacademy.org\/wp-content\/uploads\/2022\/02\/OKA_SKE_New_150_150.webp","width":150,"height":150,"caption":"Online Kids Academy"},"image":{"@id":"https:\/\/onlinekidsacademy.org\/fr\/#\/schema\/logo\/image\/"}}]}},"jetpack_sharing_enabled":true,"_links":{"self":[{"href":"https:\/\/onlinekidsacademy.org\/fr\/wp-json\/wp\/v2\/pages\/3932","targetHints":{"allow":["GET"]}}],"collection":[{"href":"https:\/\/onlinekidsacademy.org\/fr\/wp-json\/wp\/v2\/pages"}],"about":[{"href":"https:\/\/onlinekidsacademy.org\/fr\/wp-json\/wp\/v2\/types\/page"}],"author":[{"embeddable":true,"href":"https:\/\/onlinekidsacademy.org\/fr\/wp-json\/wp\/v2\/users\/1"}],"replies":[{"embeddable":true,"href":"https:\/\/onlinekidsacademy.org\/fr\/wp-json\/wp\/v2\/comments?post=3932"}],"version-history":[{"count":0,"href":"https:\/\/onlinekidsacademy.org\/fr\/wp-json\/wp\/v2\/pages\/3932\/revisions"}],"wp:attachment":[{"href":"https:\/\/onlinekidsacademy.org\/fr\/wp-json\/wp\/v2\/media?parent=3932"}],"curies":[{"name":"wp","href":"https:\/\/api.w.org\/{rel}","templated":true}]}}