{"id":19131,"date":"2024-01-22T19:36:35","date_gmt":"2024-01-22T16:36:35","guid":{"rendered":"https:\/\/onlinekidsacademy.org\/tilini-2-2\/"},"modified":"2026-01-21T19:01:06","modified_gmt":"2026-01-21T16:01:06","slug":"partnership-account","status":"publish","type":"page","link":"https:\/\/onlinekidsacademy.org\/fi\/partnership-account\/","title":{"rendered":"Kumppanuustili"},"content":{"rendered":"<style>.wp-block-kadence-advancedheading.kt-adv-heading18740_c1a4e3-8b, .wp-block-kadence-advancedheading.kt-adv-heading18740_c1a4e3-8b[data-kb-block=\"kb-adv-heading18740_c1a4e3-8b\"]{padding-bottom:0px;text-align:center;font-size:var(--global-kb-font-size-lg, 2rem);font-style:normal;}.wp-block-kadence-advancedheading.kt-adv-heading18740_c1a4e3-8b mark.kt-highlight, .wp-block-kadence-advancedheading.kt-adv-heading18740_c1a4e3-8b[data-kb-block=\"kb-adv-heading18740_c1a4e3-8b\"] mark.kt-highlight{font-style:normal;color:#f76a0c;-webkit-box-decoration-break:clone;box-decoration-break:clone;padding-top:0px;padding-right:0px;padding-bottom:0px;padding-left:0px;}.wp-block-kadence-advancedheading.kt-adv-heading18740_c1a4e3-8b img.kb-inline-image, .wp-block-kadence-advancedheading.kt-adv-heading18740_c1a4e3-8b[data-kb-block=\"kb-adv-heading18740_c1a4e3-8b\"] img.kb-inline-image{width:150px;vertical-align:baseline;}<\/style>\n<h2 class=\"kt-adv-heading18740_c1a4e3-8b wp-block-kadence-advancedheading\" data-kb-block=\"kb-adv-heading18740_c1a4e3-8b\">Ratkaisukumppanuustili<\/h2>\n<style>.kb-row-layout-id18740_f45ac6-fd > .kt-row-column-wrap{align-content:start;}:where(.kb-row-layout-id18740_f45ac6-fd > .kt-row-column-wrap) > .wp-block-kadence-column{justify-content:start;}.kb-row-layout-id18740_f45ac6-fd > .kt-row-column-wrap{column-gap:var(--global-kb-gap-md, 2rem);row-gap:var(--global-kb-gap-md, 2rem);max-width:var( --global-content-width, 1290px );padding-left:var(--global-content-edge-padding);padding-right:var(--global-content-edge-padding);padding-top:0px;padding-bottom:0px;grid-template-columns:minmax(0, 1fr);}.kb-row-layout-id18740_f45ac6-fd > .kt-row-layout-overlay{opacity:0.30;}@media all and (max-width: 1024px){.kb-row-layout-id18740_f45ac6-fd > .kt-row-column-wrap{grid-template-columns:minmax(0, 1fr);}}@media all and (max-width: 767px){.kb-row-layout-id18740_f45ac6-fd > .kt-row-column-wrap{grid-template-columns:minmax(0, 1fr);}}<\/style><div class=\"kb-row-layout-wrap kb-row-layout-id18740_f45ac6-fd alignnone wp-block-kadence-rowlayout\"><div class=\"kt-row-column-wrap kt-has-1-columns kt-row-layout-equal kt-tab-layout-inherit kt-mobile-layout-row kt-row-valign-top kb-theme-content-width\">\n<style>.kadence-column18740_fb9663-33 > .kt-inside-inner-col{display:flex;}.kadence-column18740_fb9663-33 > .kt-inside-inner-col,.kadence-column18740_fb9663-33 > .kt-inside-inner-col:before{border-top-left-radius:0px;border-top-right-radius:0px;border-bottom-right-radius:0px;border-bottom-left-radius:0px;}.kadence-column18740_fb9663-33 > .kt-inside-inner-col{column-gap:var(--global-kb-gap-sm, 1rem);}.kadence-column18740_fb9663-33 > .kt-inside-inner-col{flex-direction:column;justify-content:center;align-items:center;}.kadence-column18740_fb9663-33 > .kt-inside-inner-col > .kb-image-is-ratio-size{align-self:stretch;}.kadence-column18740_fb9663-33 > .kt-inside-inner-col > .wp-block-kadence-advancedgallery{align-self:stretch;}.kadence-column18740_fb9663-33 > .kt-inside-inner-col > .aligncenter{width:100%;}.kt-row-column-wrap > .kadence-column18740_fb9663-33{align-self:center;}.kt-inner-column-height-full:not(.kt-has-1-columns) > .wp-block-kadence-column.kadence-column18740_fb9663-33{align-self:auto;}.kt-inner-column-height-full:not(.kt-has-1-columns) > .wp-block-kadence-column.kadence-column18740_fb9663-33 > .kt-inside-inner-col{flex-direction:column;justify-content:center;}.kadence-column18740_fb9663-33 > .kt-inside-inner-col:before{opacity:0.3;}.kadence-column18740_fb9663-33{position:relative;}@media all and (max-width: 1024px){.kt-row-column-wrap > .kadence-column18740_fb9663-33{align-self:center;}}@media all and (max-width: 1024px){.kt-inner-column-height-full:not(.kt-has-1-columns) > .wp-block-kadence-column.kadence-column18740_fb9663-33{align-self:auto;}}@media all and (max-width: 1024px){.kt-inner-column-height-full:not(.kt-has-1-columns) > .wp-block-kadence-column.kadence-column18740_fb9663-33 > .kt-inside-inner-col{flex-direction:column;justify-content:center;}}@media all and (max-width: 1024px){.kadence-column18740_fb9663-33 > .kt-inside-inner-col{flex-direction:column;justify-content:center;align-items:center;}}@media all and (max-width: 767px){.kt-row-column-wrap > .kadence-column18740_fb9663-33{align-self:center;}.kt-inner-column-height-full:not(.kt-has-1-columns) > .wp-block-kadence-column.kadence-column18740_fb9663-33{align-self:auto;}.kt-inner-column-height-full:not(.kt-has-1-columns) > .wp-block-kadence-column.kadence-column18740_fb9663-33 > .kt-inside-inner-col{flex-direction:column;justify-content:center;}.kadence-column18740_fb9663-33 > .kt-inside-inner-col{flex-direction:column;justify-content:center;align-items:center;}}<\/style>\n<div class=\"wp-block-kadence-column kadence-column18740_fb9663-33 inner-column-1\"><div class=\"kt-inside-inner-col\"><style>.kb-image18740_f1bc5b-a9.kb-image-is-ratio-size, .kb-image18740_f1bc5b-a9 .kb-image-is-ratio-size{max-width:-310px;width:100%;}.wp-block-kadence-column > .kt-inside-inner-col > .kb-image18740_f1bc5b-a9.kb-image-is-ratio-size, .wp-block-kadence-column > .kt-inside-inner-col > .kb-image18740_f1bc5b-a9 .kb-image-is-ratio-size{align-self:unset;}.kb-image18740_f1bc5b-a9 figure{max-width:-310px;}.kb-image18740_f1bc5b-a9 .image-is-svg, .kb-image18740_f1bc5b-a9 .image-is-svg img{width:100%;}.kb-image18740_f1bc5b-a9 .kb-image-has-overlay:after{opacity:0.3;}<\/style>\n<div class=\"wp-block-kadence-image kb-image18740_f1bc5b-a9\"><figure class=\"aligncenter size-full\"><img decoding=\"async\" width=\"225\" height=\"228\" src=\"https:\/\/onlinekidsacademy.org\/wp-content\/uploads\/2024\/12\/Solution_Partner_Logo_225.webp\" alt=\"\" class=\"kb-img wp-image-32372\" srcset=\"https:\/\/onlinekidsacademy.org\/wp-content\/uploads\/2024\/12\/Solution_Partner_Logo_225.webp 225w, https:\/\/onlinekidsacademy.org\/wp-content\/uploads\/2024\/12\/Solution_Partner_Logo_225-100x100.webp 100w\" sizes=\"(max-width: 225px) 100vw, 225px\" \/><\/figure><\/div>\n<\/div><\/div>\n\n<\/div><\/div><style>.wp-block-kadence-advancedheading.kt-adv-heading18740_02481a-be, .wp-block-kadence-advancedheading.kt-adv-heading18740_02481a-be[data-kb-block=\"kb-adv-heading18740_02481a-be\"]{text-align:left;font-size:var(--global-kb-font-size-md, 1.25rem);font-style:normal;border-top:0.1em dashed var(--global-palette7, #EDF2F7);border-right:0.1em dashed var(--global-palette7, #EDF2F7);border-bottom:0.1em dashed var(--global-palette7, #EDF2F7);border-left:0.1em dashed var(--global-palette7, #EDF2F7);}.wp-block-kadence-advancedheading.kt-adv-heading18740_02481a-be mark.kt-highlight, .wp-block-kadence-advancedheading.kt-adv-heading18740_02481a-be[data-kb-block=\"kb-adv-heading18740_02481a-be\"] mark.kt-highlight{font-style:normal;color:var(--global-palette2, #2B6CB0);background:var(--global-palette7, #EDF2F7);-webkit-box-decoration-break:clone;box-decoration-break:clone;padding-top:0px;padding-right:0px;padding-bottom:0px;padding-left:0px;}.wp-block-kadence-advancedheading.kt-adv-heading18740_02481a-be img.kb-inline-image, .wp-block-kadence-advancedheading.kt-adv-heading18740_02481a-be[data-kb-block=\"kb-adv-heading18740_02481a-be\"] img.kb-inline-image{width:150px;vertical-align:baseline;}@media all and (max-width: 1024px){.wp-block-kadence-advancedheading.kt-adv-heading18740_02481a-be, .wp-block-kadence-advancedheading.kt-adv-heading18740_02481a-be[data-kb-block=\"kb-adv-heading18740_02481a-be\"]{border-top:0.1px dashed var(--global-palette7, #EDF2F7);border-right:0.1px dashed var(--global-palette7, #EDF2F7);border-bottom:0.1px dashed var(--global-palette7, #EDF2F7);border-left:0.1px dashed var(--global-palette7, #EDF2F7);}}@media all and (max-width: 767px){.wp-block-kadence-advancedheading.kt-adv-heading18740_02481a-be, .wp-block-kadence-advancedheading.kt-adv-heading18740_02481a-be[data-kb-block=\"kb-adv-heading18740_02481a-be\"]{padding-right:0px;padding-left:0px;margin-left:0px;border-top:0.1px dashed var(--global-palette7, #EDF2F7);border-right:0.1px dashed var(--global-palette7, #EDF2F7);border-bottom:0.1px dashed var(--global-palette7, #EDF2F7);border-left:0.1px dashed var(--global-palette7, #EDF2F7);}}<\/style>\n<h6 class=\"kt-adv-heading18740_02481a-be wp-block-kadence-advancedheading has-theme-palette-2-color has-text-color has-theme-palette-7-background-color has-background\" data-kb-block=\"kb-adv-heading18740_02481a-be\">P\u00e4\u00e4st\u00e4ksesi k\u00e4ytt\u00e4m\u00e4\u00e4n <strong>Solution Partnership -tili\u00e4si<\/strong> sinun on ensin liitytt\u00e4v\u00e4 Solution Partneriksi. Sen j\u00e4lkeen voit klikata k\u00e4ytt\u00e4j\u00e4tunnuksesi alla olevaa linkki\u00e4 n\u00e4hd\u00e4ksesi <strong>Solution Partnership -ohjelman <\/strong>yksityiskohtaisesti.  Voit tehd\u00e4 t\u00e4m\u00e4n valitsemalla haluamasi kielen valikosta. Voit muokata tili\u00e4si ja vaihtaa salasanasi kojelaudalta. Kojelauta n\u00e4ytt\u00e4\u00e4 my\u00f6s vanhempien tilauslinkkisi, ratkaisukumppaniverkoston linkkisi, luovan toiminnan sek\u00e4 kaikki palkkiot ja tulot, jotka olet ansainnut aktiivisuutesi perusteella.<\/h6>\n<h6 style=\"text-align: center;\"><\/h6>\n","protected":false},"excerpt":{"rendered":"<p>Ratkaisukumppanuustili P\u00e4\u00e4st\u00e4ksesi k\u00e4ytt\u00e4m\u00e4\u00e4n Solution Partnership -tili\u00e4si sinun on ensin liitytt\u00e4v\u00e4 Solution Partneriksi. Sen j\u00e4lkeen voit klikata k\u00e4ytt\u00e4j\u00e4tunnuksesi alla olevaa linkki\u00e4 n\u00e4hd\u00e4ksesi Solution Partnership -ohjelman yksityiskohtaisesti. Voit tehd\u00e4 t\u00e4m\u00e4n valitsemalla haluamasi kielen valikosta. Voit muokata tili\u00e4si ja vaihtaa salasanasi kojelaudalta. Kojelauta n\u00e4ytt\u00e4\u00e4 my\u00f6s vanhempien tilauslinkkisi, ratkaisukumppaniverkoston linkkisi, luovan toiminnan sek\u00e4 kaikki palkkiot ja tulot, jotka olet&#8230;<\/p>\n","protected":false},"author":1,"featured_media":0,"parent":0,"menu_order":0,"comment_status":"closed","ping_status":"closed","template":"","meta":{"_kadence_starter_templates_imported_post":false,"_kad_post_transparent":"","_kad_post_title":"","_kad_post_layout":"","_kad_post_sidebar_id":"","_kad_post_content_style":"","_kad_post_vertical_padding":"","_kad_post_feature":"","_kad_post_feature_position":"","_kad_post_header":false,"_kad_post_footer":false,"_kad_post_classname":"","productId":0,"courseId":0,"footnotes":""},"class_list":["post-19131","page","type-page","status-publish","hentry"],"yoast_head":"<!-- This site is optimized with the Yoast SEO plugin v27.4 - https:\/\/yoast.com\/product\/yoast-seo-wordpress\/ -->\n<title>Kumppanuustili - Online Kids Academy<\/title>\n<meta name=\"robots\" content=\"index, follow, max-snippet:-1, max-image-preview:large, max-video-preview:-1\" \/>\n<link rel=\"canonical\" href=\"https:\/\/onlinekidsacademy.org\/fi\/partnership-account\/\" \/>\n<meta property=\"og:locale\" content=\"fi_FI\" \/>\n<meta property=\"og:type\" content=\"article\" \/>\n<meta property=\"og:title\" content=\"Kumppanuustili - Online Kids Academy\" \/>\n<meta property=\"og:description\" content=\"Ratkaisukumppanuustili P\u00e4\u00e4st\u00e4ksesi k\u00e4ytt\u00e4m\u00e4\u00e4n Solution Partnership -tili\u00e4si sinun on ensin liitytt\u00e4v\u00e4 Solution Partneriksi. Sen j\u00e4lkeen voit klikata k\u00e4ytt\u00e4j\u00e4tunnuksesi alla olevaa linkki\u00e4 n\u00e4hd\u00e4ksesi Solution Partnership -ohjelman yksityiskohtaisesti. Voit tehd\u00e4 t\u00e4m\u00e4n valitsemalla haluamasi kielen valikosta. Voit muokata tili\u00e4si ja vaihtaa salasanasi kojelaudalta. Kojelauta n\u00e4ytt\u00e4\u00e4 my\u00f6s vanhempien tilauslinkkisi, ratkaisukumppaniverkoston linkkisi, luovan toiminnan sek\u00e4 kaikki palkkiot ja tulot, jotka olet...\" \/>\n<meta property=\"og:url\" content=\"https:\/\/onlinekidsacademy.org\/fi\/partnership-account\/\" \/>\n<meta property=\"og:site_name\" content=\"Online Kids Academy\" \/>\n<meta property=\"article:modified_time\" content=\"2026-01-21T16:01:06+00:00\" \/>\n<meta property=\"og:image\" content=\"https:\/\/onlinekidsacademy.org\/wp-content\/uploads\/2024\/12\/Solution_Partner_Logo_225.webp\" \/>\n\t<meta property=\"og:image:width\" content=\"225\" \/>\n\t<meta property=\"og:image:height\" content=\"228\" \/>\n\t<meta property=\"og:image:type\" content=\"image\/webp\" \/>\n<meta name=\"twitter:card\" content=\"summary_large_image\" \/>\n<script type=\"application\/ld+json\" class=\"yoast-schema-graph\">{\"@context\":\"https:\\\/\\\/schema.org\",\"@graph\":[{\"@type\":\"WebPage\",\"@id\":\"https:\\\/\\\/onlinekidsacademy.org\\\/fi\\\/partnership-account\\\/\",\"url\":\"https:\\\/\\\/onlinekidsacademy.org\\\/fi\\\/partnership-account\\\/\",\"name\":\"Kumppanuustili - Online Kids Academy\",\"isPartOf\":{\"@id\":\"https:\\\/\\\/onlinekidsacademy.org\\\/fi\\\/#website\"},\"primaryImageOfPage\":{\"@id\":\"https:\\\/\\\/onlinekidsacademy.org\\\/fi\\\/partnership-account\\\/#primaryimage\"},\"image\":{\"@id\":\"https:\\\/\\\/onlinekidsacademy.org\\\/fi\\\/partnership-account\\\/#primaryimage\"},\"thumbnailUrl\":\"https:\\\/\\\/onlinekidsacademy.org\\\/wp-content\\\/uploads\\\/2024\\\/12\\\/Solution_Partner_Logo_225.webp\",\"datePublished\":\"2024-01-22T16:36:35+00:00\",\"dateModified\":\"2026-01-21T16:01:06+00:00\",\"breadcrumb\":{\"@id\":\"https:\\\/\\\/onlinekidsacademy.org\\\/fi\\\/partnership-account\\\/#breadcrumb\"},\"inLanguage\":\"fi\",\"potentialAction\":[{\"@type\":\"ReadAction\",\"target\":[\"https:\\\/\\\/onlinekidsacademy.org\\\/fi\\\/partnership-account\\\/\"]}]},{\"@type\":\"ImageObject\",\"inLanguage\":\"fi\",\"@id\":\"https:\\\/\\\/onlinekidsacademy.org\\\/fi\\\/partnership-account\\\/#primaryimage\",\"url\":\"https:\\\/\\\/onlinekidsacademy.org\\\/wp-content\\\/uploads\\\/2024\\\/12\\\/Solution_Partner_Logo_225.webp\",\"contentUrl\":\"https:\\\/\\\/onlinekidsacademy.org\\\/wp-content\\\/uploads\\\/2024\\\/12\\\/Solution_Partner_Logo_225.webp\"},{\"@type\":\"BreadcrumbList\",\"@id\":\"https:\\\/\\\/onlinekidsacademy.org\\\/fi\\\/partnership-account\\\/#breadcrumb\",\"itemListElement\":[{\"@type\":\"ListItem\",\"position\":1,\"name\":\"Home\",\"item\":\"https:\\\/\\\/onlinekidsacademy.org\\\/fi\\\/\"},{\"@type\":\"ListItem\",\"position\":2,\"name\":\"Kumppanuustili\"}]},{\"@type\":\"WebSite\",\"@id\":\"https:\\\/\\\/onlinekidsacademy.org\\\/fi\\\/#website\",\"url\":\"https:\\\/\\\/onlinekidsacademy.org\\\/fi\\\/\",\"name\":\"Online Kids Academy\",\"description\":\"Englantia lapsille kotona. Pre-A1-taso TAATTU.\",\"publisher\":{\"@id\":\"https:\\\/\\\/onlinekidsacademy.org\\\/fi\\\/#organization\"},\"potentialAction\":[{\"@type\":\"SearchAction\",\"target\":{\"@type\":\"EntryPoint\",\"urlTemplate\":\"https:\\\/\\\/onlinekidsacademy.org\\\/fi\\\/?s={search_term_string}\"},\"query-input\":{\"@type\":\"PropertyValueSpecification\",\"valueRequired\":true,\"valueName\":\"search_term_string\"}}],\"inLanguage\":\"fi\"},{\"@type\":\"Organization\",\"@id\":\"https:\\\/\\\/onlinekidsacademy.org\\\/fi\\\/#organization\",\"name\":\"Online Kids Academy\",\"url\":\"https:\\\/\\\/onlinekidsacademy.org\\\/fi\\\/\",\"logo\":{\"@type\":\"ImageObject\",\"inLanguage\":\"fi\",\"@id\":\"https:\\\/\\\/onlinekidsacademy.org\\\/fi\\\/#\\\/schema\\\/logo\\\/image\\\/\",\"url\":\"https:\\\/\\\/onlinekidsacademy.org\\\/wp-content\\\/uploads\\\/2022\\\/02\\\/OKA_SKE_New_150_150.webp\",\"contentUrl\":\"https:\\\/\\\/onlinekidsacademy.org\\\/wp-content\\\/uploads\\\/2022\\\/02\\\/OKA_SKE_New_150_150.webp\",\"width\":150,\"height\":150,\"caption\":\"Online Kids Academy\"},\"image\":{\"@id\":\"https:\\\/\\\/onlinekidsacademy.org\\\/fi\\\/#\\\/schema\\\/logo\\\/image\\\/\"}}]}<\/script>\n<!-- \/ Yoast SEO plugin. -->","yoast_head_json":{"title":"Kumppanuustili - Online Kids Academy","robots":{"index":"index","follow":"follow","max-snippet":"max-snippet:-1","max-image-preview":"max-image-preview:large","max-video-preview":"max-video-preview:-1"},"canonical":"https:\/\/onlinekidsacademy.org\/fi\/partnership-account\/","og_locale":"fi_FI","og_type":"article","og_title":"Kumppanuustili - Online Kids Academy","og_description":"Ratkaisukumppanuustili P\u00e4\u00e4st\u00e4ksesi k\u00e4ytt\u00e4m\u00e4\u00e4n Solution Partnership -tili\u00e4si sinun on ensin liitytt\u00e4v\u00e4 Solution Partneriksi. Sen j\u00e4lkeen voit klikata k\u00e4ytt\u00e4j\u00e4tunnuksesi alla olevaa linkki\u00e4 n\u00e4hd\u00e4ksesi Solution Partnership -ohjelman yksityiskohtaisesti. Voit tehd\u00e4 t\u00e4m\u00e4n valitsemalla haluamasi kielen valikosta. Voit muokata tili\u00e4si ja vaihtaa salasanasi kojelaudalta. Kojelauta n\u00e4ytt\u00e4\u00e4 my\u00f6s vanhempien tilauslinkkisi, ratkaisukumppaniverkoston linkkisi, luovan toiminnan sek\u00e4 kaikki palkkiot ja tulot, jotka olet...","og_url":"https:\/\/onlinekidsacademy.org\/fi\/partnership-account\/","og_site_name":"Online Kids Academy","article_modified_time":"2026-01-21T16:01:06+00:00","og_image":[{"width":225,"height":228,"url":"https:\/\/onlinekidsacademy.org\/wp-content\/uploads\/2024\/12\/Solution_Partner_Logo_225.webp","type":"image\/webp"}],"twitter_card":"summary_large_image","schema":{"@context":"https:\/\/schema.org","@graph":[{"@type":"WebPage","@id":"https:\/\/onlinekidsacademy.org\/fi\/partnership-account\/","url":"https:\/\/onlinekidsacademy.org\/fi\/partnership-account\/","name":"Kumppanuustili - Online Kids Academy","isPartOf":{"@id":"https:\/\/onlinekidsacademy.org\/fi\/#website"},"primaryImageOfPage":{"@id":"https:\/\/onlinekidsacademy.org\/fi\/partnership-account\/#primaryimage"},"image":{"@id":"https:\/\/onlinekidsacademy.org\/fi\/partnership-account\/#primaryimage"},"thumbnailUrl":"https:\/\/onlinekidsacademy.org\/wp-content\/uploads\/2024\/12\/Solution_Partner_Logo_225.webp","datePublished":"2024-01-22T16:36:35+00:00","dateModified":"2026-01-21T16:01:06+00:00","breadcrumb":{"@id":"https:\/\/onlinekidsacademy.org\/fi\/partnership-account\/#breadcrumb"},"inLanguage":"fi","potentialAction":[{"@type":"ReadAction","target":["https:\/\/onlinekidsacademy.org\/fi\/partnership-account\/"]}]},{"@type":"ImageObject","inLanguage":"fi","@id":"https:\/\/onlinekidsacademy.org\/fi\/partnership-account\/#primaryimage","url":"https:\/\/onlinekidsacademy.org\/wp-content\/uploads\/2024\/12\/Solution_Partner_Logo_225.webp","contentUrl":"https:\/\/onlinekidsacademy.org\/wp-content\/uploads\/2024\/12\/Solution_Partner_Logo_225.webp"},{"@type":"BreadcrumbList","@id":"https:\/\/onlinekidsacademy.org\/fi\/partnership-account\/#breadcrumb","itemListElement":[{"@type":"ListItem","position":1,"name":"Home","item":"https:\/\/onlinekidsacademy.org\/fi\/"},{"@type":"ListItem","position":2,"name":"Kumppanuustili"}]},{"@type":"WebSite","@id":"https:\/\/onlinekidsacademy.org\/fi\/#website","url":"https:\/\/onlinekidsacademy.org\/fi\/","name":"Online Kids Academy","description":"Englantia lapsille kotona. Pre-A1-taso TAATTU.","publisher":{"@id":"https:\/\/onlinekidsacademy.org\/fi\/#organization"},"potentialAction":[{"@type":"SearchAction","target":{"@type":"EntryPoint","urlTemplate":"https:\/\/onlinekidsacademy.org\/fi\/?s={search_term_string}"},"query-input":{"@type":"PropertyValueSpecification","valueRequired":true,"valueName":"search_term_string"}}],"inLanguage":"fi"},{"@type":"Organization","@id":"https:\/\/onlinekidsacademy.org\/fi\/#organization","name":"Online Kids Academy","url":"https:\/\/onlinekidsacademy.org\/fi\/","logo":{"@type":"ImageObject","inLanguage":"fi","@id":"https:\/\/onlinekidsacademy.org\/fi\/#\/schema\/logo\/image\/","url":"https:\/\/onlinekidsacademy.org\/wp-content\/uploads\/2022\/02\/OKA_SKE_New_150_150.webp","contentUrl":"https:\/\/onlinekidsacademy.org\/wp-content\/uploads\/2022\/02\/OKA_SKE_New_150_150.webp","width":150,"height":150,"caption":"Online Kids Academy"},"image":{"@id":"https:\/\/onlinekidsacademy.org\/fi\/#\/schema\/logo\/image\/"}}]}},"jetpack_sharing_enabled":true,"_links":{"self":[{"href":"https:\/\/onlinekidsacademy.org\/fi\/wp-json\/wp\/v2\/pages\/19131","targetHints":{"allow":["GET"]}}],"collection":[{"href":"https:\/\/onlinekidsacademy.org\/fi\/wp-json\/wp\/v2\/pages"}],"about":[{"href":"https:\/\/onlinekidsacademy.org\/fi\/wp-json\/wp\/v2\/types\/page"}],"author":[{"embeddable":true,"href":"https:\/\/onlinekidsacademy.org\/fi\/wp-json\/wp\/v2\/users\/1"}],"replies":[{"embeddable":true,"href":"https:\/\/onlinekidsacademy.org\/fi\/wp-json\/wp\/v2\/comments?post=19131"}],"version-history":[{"count":0,"href":"https:\/\/onlinekidsacademy.org\/fi\/wp-json\/wp\/v2\/pages\/19131\/revisions"}],"wp:attachment":[{"href":"https:\/\/onlinekidsacademy.org\/fi\/wp-json\/wp\/v2\/media?parent=19131"}],"curies":[{"name":"wp","href":"https:\/\/api.w.org\/{rel}","templated":true}]}}