{"id":19150,"date":"2024-01-22T19:36:38","date_gmt":"2024-01-22T16:36:38","guid":{"rendered":"https:\/\/onlinekidsacademy.org\/contrasena-perdida-2\/"},"modified":"2024-12-16T20:31:26","modified_gmt":"2024-12-16T17:31:26","slug":"contrasena-perdida-2","status":"publish","type":"page","link":"https:\/\/onlinekidsacademy.org\/es\/contrasena-perdida-2\/","title":{"rendered":"Miembro Contrase\u00f1a perdida"},"content":{"rendered":"<style>.kb-row-layout-id18742_d9ca09-d4 > .kt-row-column-wrap{align-content:start;}:where(.kb-row-layout-id18742_d9ca09-d4 > .kt-row-column-wrap) > .wp-block-kadence-column{justify-content:start;}.kb-row-layout-id18742_d9ca09-d4 > .kt-row-column-wrap{column-gap:var(--global-kb-gap-md, 2rem);row-gap:var(--global-kb-gap-md, 2rem);max-width:var( --global-content-width, 1290px );padding-left:var(--global-content-edge-padding);padding-right:var(--global-content-edge-padding);padding-top:50px;padding-bottom:0px;grid-template-columns:minmax(0, 1fr);}.kb-row-layout-id18742_d9ca09-d4 > .kt-row-layout-overlay{opacity:0.30;}@media all and (max-width: 1024px){.kb-row-layout-id18742_d9ca09-d4 > .kt-row-column-wrap{grid-template-columns:minmax(0, 1fr);}}@media all and (max-width: 767px){.kb-row-layout-id18742_d9ca09-d4 > .kt-row-column-wrap{grid-template-columns:minmax(0, 1fr);}}<\/style><div class=\"kb-row-layout-wrap kb-row-layout-id18742_d9ca09-d4 alignnone wp-block-kadence-rowlayout\"><div class=\"kt-row-column-wrap kt-has-1-columns kt-row-layout-equal kt-tab-layout-inherit kt-mobile-layout-row kt-row-valign-top kb-theme-content-width\">\n<style>.kadence-column18742_dad518-76 > .kt-inside-inner-col{padding-top:0px;}.kadence-column18742_dad518-76 > .kt-inside-inner-col,.kadence-column18742_dad518-76 > .kt-inside-inner-col:before{border-top-left-radius:0px;border-top-right-radius:0px;border-bottom-right-radius:0px;border-bottom-left-radius:0px;}.kadence-column18742_dad518-76 > .kt-inside-inner-col{column-gap:var(--global-kb-gap-sm, 1rem);}.kadence-column18742_dad518-76 > .kt-inside-inner-col{flex-direction:column;}.kadence-column18742_dad518-76 > .kt-inside-inner-col > .aligncenter{width:100%;}.kadence-column18742_dad518-76 > .kt-inside-inner-col:before{opacity:0.3;}.kadence-column18742_dad518-76{position:relative;}@media all and (max-width: 1024px){.kadence-column18742_dad518-76 > .kt-inside-inner-col{flex-direction:column;justify-content:center;}}@media all and (max-width: 767px){.kadence-column18742_dad518-76 > .kt-inside-inner-col{flex-direction:column;justify-content:center;}}<\/style>\n<div class=\"wp-block-kadence-column kadence-column18742_dad518-76 inner-column-1\"><div class=\"kt-inside-inner-col\"><div class=\"wp-block-image\">\n<figure class=\"aligncenter size-full\"><img decoding=\"async\" width=\"125\" height=\"125\" src=\"https:\/\/onlinekidsacademy.org\/wp-content\/uploads\/2022\/02\/cropped-OKA_SKE_New_125_125_WP-1.webp\" alt=\"\" class=\"wp-image-1920\" srcset=\"https:\/\/onlinekidsacademy.org\/wp-content\/uploads\/2022\/02\/cropped-OKA_SKE_New_125_125_WP-1.webp 125w, https:\/\/onlinekidsacademy.org\/wp-content\/uploads\/2022\/02\/cropped-OKA_SKE_New_125_125_WP-1-100x100.webp 100w\" sizes=\"(max-width: 125px) 100vw, 125px\" \/><\/figure>\n<\/div><\/div><\/div>\n\n<\/div><\/div><style>.wp-block-kadence-advancedheading.kt-adv-heading18742_eb6bd1-33, .wp-block-kadence-advancedheading.kt-adv-heading18742_eb6bd1-33[data-kb-block=\"kb-adv-heading18742_eb6bd1-33\"]{text-align:center;font-style:normal;}.wp-block-kadence-advancedheading.kt-adv-heading18742_eb6bd1-33 mark.kt-highlight, .wp-block-kadence-advancedheading.kt-adv-heading18742_eb6bd1-33[data-kb-block=\"kb-adv-heading18742_eb6bd1-33\"] mark.kt-highlight{font-style:normal;color:#f76a0c;-webkit-box-decoration-break:clone;box-decoration-break:clone;padding-top:0px;padding-right:0px;padding-bottom:0px;padding-left:0px;}.wp-block-kadence-advancedheading.kt-adv-heading18742_eb6bd1-33 img.kb-inline-image, .wp-block-kadence-advancedheading.kt-adv-heading18742_eb6bd1-33[data-kb-block=\"kb-adv-heading18742_eb6bd1-33\"] img.kb-inline-image{width:150px;vertical-align:baseline;}<\/style>\n<h6 class=\"kt-adv-heading18742_eb6bd1-33 wp-block-kadence-advancedheading\" data-kb-block=\"kb-adv-heading18742_eb6bd1-33\">Introduzca su nombre de usuario o correo electr\u00f3nico. Consulta tu correo electr\u00f3nico para recibir un enlace de confirmaci\u00f3n. Haga clic en \u00e9l para recibir su nueva contrase\u00f1a por correo electr\u00f3nico. Podr\u00e1 modificarlo posteriormente desde la Cuenta de Socio.<\/h6>\n<p style=\"text-align: center;\"><div class=\"uap-pass-form-wrap uap-login-template-9\">\r\n\t\t<form method=\"post\" >\r\n\t\t<input type=\"hidden\" name=\"uap_reset_password_nonce\" value=\"b1bb9e5ab5\" \/>\r\n\t\t<input name=\"uapaction\" type=\"hidden\" value=\"reset_pass\">\r\n\r\n\t\t\t\t\t\t<div class=\"uap-form-line-fr\">\r\n\t\t\t\t\t\t<i class=\"fa-uap fa-username-uap\"><\/i>\r\n\t\t\t\t\t\t<input type=\"text\" value=\"\" name=\"email_or_userlogin\" placeholder=\"Username or Email Address\" \/>\r\n\t\t\t\t\t<\/div>\r\n\t\t\t\t\t<div class=\"uap-form-line-fr uap-form-submit\">\r\n\t\t\t\t\t\t<input type=\"submit\" value=\"Reset Password\" name=\"Submit\" class=\"button button-primary button-large uap-reset-password-button\" \/>\r\n\t\t\t\t\t<\/div>\r\n\t\t\t\t\r\n\t<\/form>\r\n\r\n<\/div>\r\n<\/p>\n","protected":false},"excerpt":{"rendered":"<p>Introduzca su nombre de usuario o correo electr\u00f3nico. Consulta tu correo electr\u00f3nico para recibir un enlace de confirmaci\u00f3n. Haga clic en \u00e9l para recibir su nueva contrase\u00f1a por correo electr\u00f3nico. Podr\u00e1 modificarlo posteriormente desde la Cuenta de Socio.<\/p>\n","protected":false},"author":1,"featured_media":0,"parent":0,"menu_order":0,"comment_status":"closed","ping_status":"closed","template":"","meta":{"_kadence_starter_templates_imported_post":false,"_kad_post_transparent":"","_kad_post_title":"","_kad_post_layout":"","_kad_post_sidebar_id":"","_kad_post_content_style":"","_kad_post_vertical_padding":"","_kad_post_feature":"","_kad_post_feature_position":"","_kad_post_header":false,"_kad_post_footer":false,"_kad_post_classname":"","productId":0,"courseId":0,"footnotes":""},"class_list":["post-19150","page","type-page","status-publish","hentry"],"yoast_head":"<!-- This site is optimized with the Yoast SEO plugin v27.4 - https:\/\/yoast.com\/product\/yoast-seo-wordpress\/ -->\n<title>Miembro Contrase\u00f1a perdida - Online Kids Academy<\/title>\n<meta name=\"robots\" content=\"index, follow, max-snippet:-1, max-image-preview:large, max-video-preview:-1\" \/>\n<link rel=\"canonical\" href=\"https:\/\/onlinekidsacademy.org\/es\/contrasena-perdida-2\/\" \/>\n<meta property=\"og:locale\" content=\"es_ES\" \/>\n<meta property=\"og:type\" content=\"article\" \/>\n<meta property=\"og:title\" content=\"Miembro Contrase\u00f1a perdida - Online Kids Academy\" \/>\n<meta property=\"og:description\" content=\"Introduzca su nombre de usuario o correo electr\u00f3nico. Consulta tu correo electr\u00f3nico para recibir un enlace de confirmaci\u00f3n. Haga clic en \u00e9l para recibir su nueva contrase\u00f1a por correo electr\u00f3nico. Podr\u00e1 modificarlo posteriormente desde la Cuenta de Socio.\" \/>\n<meta property=\"og:url\" content=\"https:\/\/onlinekidsacademy.org\/es\/contrasena-perdida-2\/\" \/>\n<meta property=\"og:site_name\" content=\"Online Kids Academy\" \/>\n<meta property=\"article:modified_time\" content=\"2024-12-16T17:31:26+00:00\" \/>\n<meta property=\"og:image\" content=\"https:\/\/onlinekidsacademy.org\/wp-content\/uploads\/2022\/02\/cropped-OKA_SKE_New_125_125_WP-1.webp\" \/>\n<meta name=\"twitter:card\" content=\"summary_large_image\" \/>\n<script type=\"application\/ld+json\" class=\"yoast-schema-graph\">{\"@context\":\"https:\\\/\\\/schema.org\",\"@graph\":[{\"@type\":\"WebPage\",\"@id\":\"https:\\\/\\\/onlinekidsacademy.org\\\/es\\\/contrasena-perdida-2\\\/\",\"url\":\"https:\\\/\\\/onlinekidsacademy.org\\\/es\\\/contrasena-perdida-2\\\/\",\"name\":\"Miembro Contrase\u00f1a perdida - Online Kids Academy\",\"isPartOf\":{\"@id\":\"https:\\\/\\\/onlinekidsacademy.org\\\/es\\\/#website\"},\"primaryImageOfPage\":{\"@id\":\"https:\\\/\\\/onlinekidsacademy.org\\\/es\\\/contrasena-perdida-2\\\/#primaryimage\"},\"image\":{\"@id\":\"https:\\\/\\\/onlinekidsacademy.org\\\/es\\\/contrasena-perdida-2\\\/#primaryimage\"},\"thumbnailUrl\":\"https:\\\/\\\/onlinekidsacademy.org\\\/wp-content\\\/uploads\\\/2022\\\/02\\\/cropped-OKA_SKE_New_125_125_WP-1.webp\",\"datePublished\":\"2024-01-22T16:36:38+00:00\",\"dateModified\":\"2024-12-16T17:31:26+00:00\",\"breadcrumb\":{\"@id\":\"https:\\\/\\\/onlinekidsacademy.org\\\/es\\\/contrasena-perdida-2\\\/#breadcrumb\"},\"inLanguage\":\"es\",\"potentialAction\":[{\"@type\":\"ReadAction\",\"target\":[\"https:\\\/\\\/onlinekidsacademy.org\\\/es\\\/contrasena-perdida-2\\\/\"]}]},{\"@type\":\"ImageObject\",\"inLanguage\":\"es\",\"@id\":\"https:\\\/\\\/onlinekidsacademy.org\\\/es\\\/contrasena-perdida-2\\\/#primaryimage\",\"url\":\"https:\\\/\\\/onlinekidsacademy.org\\\/wp-content\\\/uploads\\\/2022\\\/02\\\/cropped-OKA_SKE_New_125_125_WP-1.webp\",\"contentUrl\":\"https:\\\/\\\/onlinekidsacademy.org\\\/wp-content\\\/uploads\\\/2022\\\/02\\\/cropped-OKA_SKE_New_125_125_WP-1.webp\"},{\"@type\":\"BreadcrumbList\",\"@id\":\"https:\\\/\\\/onlinekidsacademy.org\\\/es\\\/contrasena-perdida-2\\\/#breadcrumb\",\"itemListElement\":[{\"@type\":\"ListItem\",\"position\":1,\"name\":\"Home\",\"item\":\"https:\\\/\\\/onlinekidsacademy.org\\\/es\\\/\"},{\"@type\":\"ListItem\",\"position\":2,\"name\":\"Miembro Contrase\u00f1a perdida\"}]},{\"@type\":\"WebSite\",\"@id\":\"https:\\\/\\\/onlinekidsacademy.org\\\/es\\\/#website\",\"url\":\"https:\\\/\\\/onlinekidsacademy.org\\\/es\\\/\",\"name\":\"Online Kids Academy\",\"description\":\"Ingl\u00e9s para ni\u00f1os en casa. Nivel Pre-A1 GARANTIZADO.\",\"publisher\":{\"@id\":\"https:\\\/\\\/onlinekidsacademy.org\\\/es\\\/#organization\"},\"potentialAction\":[{\"@type\":\"SearchAction\",\"target\":{\"@type\":\"EntryPoint\",\"urlTemplate\":\"https:\\\/\\\/onlinekidsacademy.org\\\/es\\\/?s={search_term_string}\"},\"query-input\":{\"@type\":\"PropertyValueSpecification\",\"valueRequired\":true,\"valueName\":\"search_term_string\"}}],\"inLanguage\":\"es\"},{\"@type\":\"Organization\",\"@id\":\"https:\\\/\\\/onlinekidsacademy.org\\\/es\\\/#organization\",\"name\":\"Online Kids Academy\",\"url\":\"https:\\\/\\\/onlinekidsacademy.org\\\/es\\\/\",\"logo\":{\"@type\":\"ImageObject\",\"inLanguage\":\"es\",\"@id\":\"https:\\\/\\\/onlinekidsacademy.org\\\/es\\\/#\\\/schema\\\/logo\\\/image\\\/\",\"url\":\"https:\\\/\\\/onlinekidsacademy.org\\\/wp-content\\\/uploads\\\/2022\\\/02\\\/OKA_SKE_New_150_150.webp\",\"contentUrl\":\"https:\\\/\\\/onlinekidsacademy.org\\\/wp-content\\\/uploads\\\/2022\\\/02\\\/OKA_SKE_New_150_150.webp\",\"width\":150,\"height\":150,\"caption\":\"Online Kids Academy\"},\"image\":{\"@id\":\"https:\\\/\\\/onlinekidsacademy.org\\\/es\\\/#\\\/schema\\\/logo\\\/image\\\/\"}}]}<\/script>\n<!-- \/ Yoast SEO plugin. -->","yoast_head_json":{"title":"Miembro Contrase\u00f1a perdida - Online Kids Academy","robots":{"index":"index","follow":"follow","max-snippet":"max-snippet:-1","max-image-preview":"max-image-preview:large","max-video-preview":"max-video-preview:-1"},"canonical":"https:\/\/onlinekidsacademy.org\/es\/contrasena-perdida-2\/","og_locale":"es_ES","og_type":"article","og_title":"Miembro Contrase\u00f1a perdida - Online Kids Academy","og_description":"Introduzca su nombre de usuario o correo electr\u00f3nico. Consulta tu correo electr\u00f3nico para recibir un enlace de confirmaci\u00f3n. Haga clic en \u00e9l para recibir su nueva contrase\u00f1a por correo electr\u00f3nico. Podr\u00e1 modificarlo posteriormente desde la Cuenta de Socio.","og_url":"https:\/\/onlinekidsacademy.org\/es\/contrasena-perdida-2\/","og_site_name":"Online Kids Academy","article_modified_time":"2024-12-16T17:31:26+00:00","og_image":[{"url":"https:\/\/onlinekidsacademy.org\/wp-content\/uploads\/2022\/02\/cropped-OKA_SKE_New_125_125_WP-1.webp","type":"","width":"","height":""}],"twitter_card":"summary_large_image","schema":{"@context":"https:\/\/schema.org","@graph":[{"@type":"WebPage","@id":"https:\/\/onlinekidsacademy.org\/es\/contrasena-perdida-2\/","url":"https:\/\/onlinekidsacademy.org\/es\/contrasena-perdida-2\/","name":"Miembro Contrase\u00f1a perdida - Online Kids Academy","isPartOf":{"@id":"https:\/\/onlinekidsacademy.org\/es\/#website"},"primaryImageOfPage":{"@id":"https:\/\/onlinekidsacademy.org\/es\/contrasena-perdida-2\/#primaryimage"},"image":{"@id":"https:\/\/onlinekidsacademy.org\/es\/contrasena-perdida-2\/#primaryimage"},"thumbnailUrl":"https:\/\/onlinekidsacademy.org\/wp-content\/uploads\/2022\/02\/cropped-OKA_SKE_New_125_125_WP-1.webp","datePublished":"2024-01-22T16:36:38+00:00","dateModified":"2024-12-16T17:31:26+00:00","breadcrumb":{"@id":"https:\/\/onlinekidsacademy.org\/es\/contrasena-perdida-2\/#breadcrumb"},"inLanguage":"es","potentialAction":[{"@type":"ReadAction","target":["https:\/\/onlinekidsacademy.org\/es\/contrasena-perdida-2\/"]}]},{"@type":"ImageObject","inLanguage":"es","@id":"https:\/\/onlinekidsacademy.org\/es\/contrasena-perdida-2\/#primaryimage","url":"https:\/\/onlinekidsacademy.org\/wp-content\/uploads\/2022\/02\/cropped-OKA_SKE_New_125_125_WP-1.webp","contentUrl":"https:\/\/onlinekidsacademy.org\/wp-content\/uploads\/2022\/02\/cropped-OKA_SKE_New_125_125_WP-1.webp"},{"@type":"BreadcrumbList","@id":"https:\/\/onlinekidsacademy.org\/es\/contrasena-perdida-2\/#breadcrumb","itemListElement":[{"@type":"ListItem","position":1,"name":"Home","item":"https:\/\/onlinekidsacademy.org\/es\/"},{"@type":"ListItem","position":2,"name":"Miembro Contrase\u00f1a perdida"}]},{"@type":"WebSite","@id":"https:\/\/onlinekidsacademy.org\/es\/#website","url":"https:\/\/onlinekidsacademy.org\/es\/","name":"Online Kids Academy","description":"Ingl\u00e9s para ni\u00f1os en casa. Nivel Pre-A1 GARANTIZADO.","publisher":{"@id":"https:\/\/onlinekidsacademy.org\/es\/#organization"},"potentialAction":[{"@type":"SearchAction","target":{"@type":"EntryPoint","urlTemplate":"https:\/\/onlinekidsacademy.org\/es\/?s={search_term_string}"},"query-input":{"@type":"PropertyValueSpecification","valueRequired":true,"valueName":"search_term_string"}}],"inLanguage":"es"},{"@type":"Organization","@id":"https:\/\/onlinekidsacademy.org\/es\/#organization","name":"Online Kids Academy","url":"https:\/\/onlinekidsacademy.org\/es\/","logo":{"@type":"ImageObject","inLanguage":"es","@id":"https:\/\/onlinekidsacademy.org\/es\/#\/schema\/logo\/image\/","url":"https:\/\/onlinekidsacademy.org\/wp-content\/uploads\/2022\/02\/OKA_SKE_New_150_150.webp","contentUrl":"https:\/\/onlinekidsacademy.org\/wp-content\/uploads\/2022\/02\/OKA_SKE_New_150_150.webp","width":150,"height":150,"caption":"Online Kids Academy"},"image":{"@id":"https:\/\/onlinekidsacademy.org\/es\/#\/schema\/logo\/image\/"}}]}},"jetpack_sharing_enabled":true,"_links":{"self":[{"href":"https:\/\/onlinekidsacademy.org\/es\/wp-json\/wp\/v2\/pages\/19150","targetHints":{"allow":["GET"]}}],"collection":[{"href":"https:\/\/onlinekidsacademy.org\/es\/wp-json\/wp\/v2\/pages"}],"about":[{"href":"https:\/\/onlinekidsacademy.org\/es\/wp-json\/wp\/v2\/types\/page"}],"author":[{"embeddable":true,"href":"https:\/\/onlinekidsacademy.org\/es\/wp-json\/wp\/v2\/users\/1"}],"replies":[{"embeddable":true,"href":"https:\/\/onlinekidsacademy.org\/es\/wp-json\/wp\/v2\/comments?post=19150"}],"version-history":[{"count":0,"href":"https:\/\/onlinekidsacademy.org\/es\/wp-json\/wp\/v2\/pages\/19150\/revisions"}],"wp:attachment":[{"href":"https:\/\/onlinekidsacademy.org\/es\/wp-json\/wp\/v2\/media?parent=19150"}],"curies":[{"name":"wp","href":"https:\/\/api.w.org\/{rel}","templated":true}]}}