{"id":7552,"date":"2020-08-25T22:57:59","date_gmt":"2020-08-25T19:57:59","guid":{"rendered":"https:\/\/onlinekidsacademy.org\/ucit-se-anglictinu-z-domova\/"},"modified":"2022-07-15T10:43:36","modified_gmt":"2022-07-15T07:43:36","slug":"ucit-se-anglictinu-z-domova","status":"publish","type":"page","link":"https:\/\/onlinekidsacademy.org\/cs\/ucit-se-anglictinu-z-domova\/","title":{"rendered":"Kontaktujte n\u00e1s"},"content":{"rendered":"<style>.wp-block-kadence-advancedheading.kt-adv-heading_5ea98c-0a, .wp-block-kadence-advancedheading.kt-adv-heading_5ea98c-0a[data-kb-block=\"kb-adv-heading_5ea98c-0a\"]{text-align:center;font-size:1.7em;line-height:1.2em;font-style:normal;}.wp-block-kadence-advancedheading.kt-adv-heading_5ea98c-0a mark.kt-highlight, .wp-block-kadence-advancedheading.kt-adv-heading_5ea98c-0a[data-kb-block=\"kb-adv-heading_5ea98c-0a\"] mark.kt-highlight{font-style:normal;color:#f76a0c;-webkit-box-decoration-break:clone;box-decoration-break:clone;padding-top:0px;padding-right:0px;padding-bottom:0px;padding-left:0px;}.wp-block-kadence-advancedheading.kt-adv-heading_5ea98c-0a img.kb-inline-image, .wp-block-kadence-advancedheading.kt-adv-heading_5ea98c-0a[data-kb-block=\"kb-adv-heading_5ea98c-0a\"] img.kb-inline-image{width:150px;vertical-align:baseline;}<\/style>\n<h1 class=\"kt-adv-heading_5ea98c-0a wp-block-kadence-advancedheading\" data-kb-block=\"kb-adv-heading_5ea98c-0a\">U\u010dte se anglicky z domova<\/h1>\n\n\n<div class=\"wp-block-image\">\n<figure class=\"aligncenter size-full\"><img decoding=\"async\" width=\"125\" height=\"125\" src=\"https:\/\/onlinekidsacademy.org\/wp-content\/uploads\/2022\/02\/cropped-OKA_SKE_New_125_125_WP-1.webp\" alt=\"U\u010debn\u00ed platforma anglick\u00e9ho jazyka Online Kids Academy poskytuje angli\u010dtinu online pro d\u011bti z domova, odkud se u\u010d\u00ed.\" class=\"wp-image-1920\" srcset=\"https:\/\/onlinekidsacademy.org\/wp-content\/uploads\/2022\/02\/cropped-OKA_SKE_New_125_125_WP-1.webp 125w, https:\/\/onlinekidsacademy.org\/wp-content\/uploads\/2022\/02\/cropped-OKA_SKE_New_125_125_WP-1-100x100.webp 100w\" sizes=\"(max-width: 125px) 100vw, 125px\" \/><\/figure>\n<\/div>\n\n<style>.wp-block-kadence-advancedheading.kt-adv-heading_85f934-11, .wp-block-kadence-advancedheading.kt-adv-heading_85f934-11[data-kb-block=\"kb-adv-heading_85f934-11\"]{margin-bottom:2.8rem;text-align:center;font-size:1.6em;line-height:1.2em;font-weight:normal;font-style:normal;}.wp-block-kadence-advancedheading.kt-adv-heading_85f934-11 mark.kt-highlight, .wp-block-kadence-advancedheading.kt-adv-heading_85f934-11[data-kb-block=\"kb-adv-heading_85f934-11\"] mark.kt-highlight{font-weight:normal;font-style:normal;color:#f76a0c;-webkit-box-decoration-break:clone;box-decoration-break:clone;padding-top:0px;padding-right:0px;padding-bottom:0px;padding-left:0px;}.wp-block-kadence-advancedheading.kt-adv-heading_85f934-11 img.kb-inline-image, .wp-block-kadence-advancedheading.kt-adv-heading_85f934-11[data-kb-block=\"kb-adv-heading_85f934-11\"] img.kb-inline-image{width:150px;vertical-align:baseline;}<\/style>\n<h2 class=\"kt-adv-heading_85f934-11 wp-block-kadence-advancedheading has-theme-palette-5-color has-text-color\" data-kb-block=\"kb-adv-heading_85f934-11\"><strong>Kontaktujte n\u00e1s<\/strong><\/h2>\n\n\n<style>.wp-block-kadence-advancedheading.kt-adv-heading_f1560f-53, .wp-block-kadence-advancedheading.kt-adv-heading_f1560f-53[data-kb-block=\"kb-adv-heading_f1560f-53\"]{margin-bottom:2.8rem;text-align:center;font-size:1.2em;line-height:1.8em;font-weight:normal;font-style:normal;}.wp-block-kadence-advancedheading.kt-adv-heading_f1560f-53 mark.kt-highlight, .wp-block-kadence-advancedheading.kt-adv-heading_f1560f-53[data-kb-block=\"kb-adv-heading_f1560f-53\"] mark.kt-highlight{font-weight:normal;font-style:normal;color:#f76a0c;-webkit-box-decoration-break:clone;box-decoration-break:clone;padding-top:0px;padding-right:0px;padding-bottom:0px;padding-left:0px;}.wp-block-kadence-advancedheading.kt-adv-heading_f1560f-53 img.kb-inline-image, .wp-block-kadence-advancedheading.kt-adv-heading_f1560f-53[data-kb-block=\"kb-adv-heading_f1560f-53\"] img.kb-inline-image{width:150px;vertical-align:baseline;}<\/style>\n<h4 class=\"kt-adv-heading_f1560f-53 wp-block-kadence-advancedheading has-theme-palette-5-color has-text-color\" data-kb-block=\"kb-adv-heading_f1560f-53\">V p\u0159\u00edpad\u011b jak\u00fdchkoli dotaz\u016f n\u00e1m pros\u00edm za\u0161lete e-mail pomoc\u00ed formul\u00e1\u0159e n\u00ed\u017ee.<\/h4>\n\n\n<style>.kadence-form-_dd2ea8-66 .kb-form .kadence-blocks-form-field .kb-text-style-field, .kadence-form-_dd2ea8-66 .kb-form .kadence-blocks-form-field .kb-select-style-field{border-radius:6px;background:var(--global-palette9, #ffffff);border-color:#b5bec8;box-shadow:2px 2px 4px 0px rgba(0, 0, 0, 0.02);}.kadence-form-_dd2ea8-66 .kb-form .kadence-blocks-form-field .kb-text-style-field:focus, .kadence-form-_dd2ea8-66 .kb-form .kadence-blocks-form-field .kb-select-style-field:focus{box-shadow:2px 2px 4px 0px rgba(0, 0, 0, 0.06);}.kadence-form-_dd2ea8-66 .kb-form .kadence-blocks-form-field > label{color:var(--global-palette4, #2D3748);font-size:1em;}.kadence-form-_dd2ea8-66 .kb-form .kadence-blocks-form-field .kb-forms-submit{color:#ffffff;border-radius:6px;background:var(--global-palette1, #3182CE);}.kadence-form-_dd2ea8-66 .kb-form .kadence-blocks-form-field .kb-forms-submit:hover, .kadence-form-_dd2ea8-66 .kb-form .kadence-blocks-form-field .kb-forms-submit:focus {color:#ffffff;background:var(--global-palette2, #2B6CB0);}.kadence-form-_dd2ea8-66 .kb-form .kadence-blocks-form-field .kb-forms-submit{padding-top:12px;padding-right:40px;padding-bottom:12px;padding-left:40px;}.kadence-form-_dd2ea8-66 .kb-form .kadence-blocks-form-field .kb-forms-submit{font-size:20px;}.kb-form input.kadence-blocks-field.verify{opacity:0.0;position:absolute;top:0.0;left:0.0;width:0.0;height:0.0;z-index:-1;}<\/style>\n<div class=\"wp-block-kadence-form kadence-form-_dd2ea8-66 kb-form-wrap\"><form class=\"kb-form\" action=\"\" method=\"post\"><div class=\"kadence-blocks-form-field kb-field-desk-width-50 kb-input-size-standard\"><label for=\"kb_field__dd2ea8-66_0\">Jm\u00e9no<\/label><input name=\"kb_field_0\" id=\"kb_field__dd2ea8-66_0\" data-label=\"Jm&#xE9;no\" type=\"text\" placeholder=\"\" value=\"\" data-type=\"text\" class=\"kb-field kb-text-style-field kb-text-field kb-field-0\" data-required=\"yes\"\/><\/div><div class=\"kadence-blocks-form-field kb-form-field-1 kb-field-desk-width-50 kb-input-size-standard\"><label for=\"kb_field__dd2ea8-66_1\">P\u0159\u00edjmen\u00ed<\/label><input name=\"kb_field_1\" id=\"kb_field__dd2ea8-66_1\" data-label=\"P&#x159;&#xED;jmen&#xED;\" type=\"text\" placeholder=\"\" value=\"\" data-type=\"text\" class=\"kb-field kb-text-style-field kb-text-field kb-field-1\" data-required=\"yes\"\/><\/div><div class=\"kadence-blocks-form-field kb-form-field-2 kb-field-desk-width-100 kb-input-size-standard\"><label for=\"kb_field__dd2ea8-66_2\">E-mail<\/label><input name=\"kb_field_2\" id=\"kb_field__dd2ea8-66_2\" data-label=\"E-mail\" type=\"email\" placeholder=\"\" value=\"\" data-type=\"email\" class=\"kb-field kb-text-style-field kb-email-field kb-field-2\" data-required=\"yes\"\/><\/div><div class=\"kadence-blocks-form-field kb-form-field-3 kb-field-desk-width-100 kb-input-size-standard\"><label for=\"kb_field__dd2ea8-66_3\">U\u017eivatelsk\u00e9 jm\u00e9no a p\u0159ihla\u0161ovac\u00ed e-mail<\/label><input name=\"kb_field_3\" id=\"kb_field__dd2ea8-66_3\" data-label=\"U&#x17E;ivatelsk&#xE9; jm&#xE9;no a p&#x159;ihla&#x161;ovac&#xED; e-mail\" type=\"text\" placeholder=\"\" value=\"\" data-type=\"text\" class=\"kb-field kb-text-style-field kb-text-field kb-field-3\"\/><\/div><div class=\"kadence-blocks-form-field kb-form-field-4 kb-field-desk-width-100 kb-input-size-standard\"><label for=\"kb_field__dd2ea8-66_4\">Zpr\u00e1va<\/label><textarea name=\"kb_field_4\" id=\"kb_field__dd2ea8-66_4\" data-label=\"Zpr&#xE1;va\" type=\"textarea\" placeholder=\"\" data-type=\"textarea\" class=\"kb-field kb-text-style-field kb-textarea-field kb-field-4\" rows=\"4\"><\/textarea><span class=\"kb-field-help\">Zadejte pros\u00edm podrobnosti sv\u00e9ho po\u017eadavku. \u010clen na\u0161eho t\u00fdmu podpory odpov\u00ed co nejd\u0159\u00edve.<\/span><\/div><div class=\"kadence-blocks-form-field kb-form-field-5 kb-field-desk-width-100 kb-input-size-standard kb-accept-form-field\"><input type=\"checkbox\" name=\"kb_field_5\" id=\"kb_field__dd2ea8-66_5\" class=\"kb-field kb-checkbox-style kb-accept\" value=\"p&#x159;ijmout\" data-type=\"accept\" data-required=\"yes\"\/><label for=\"kb_field__dd2ea8-66_5\">V\u00fdb\u011brem t\u00e9to mo\u017enosti souhlas\u00edte s na\u0161imi Z\u00e1sadami ochrany osobn\u00edch \u00fadaj\u016f a Z\u00e1sadami pou\u017e\u00edv\u00e1n\u00ed soubor\u016f cookie<\/label><\/div><input type=\"hidden\" name=\"_kb_form_id\" value=\"_dd2ea8-66\"\/><input type=\"hidden\" name=\"_kb_form_post_id\" value=\"7552\"\/><input type=\"hidden\" name=\"action\" value=\"kb_process_ajax_submit\"\/><label class=\"kadence-verify-label\">Email<input class=\"kadence-blocks-field verify\" type=\"text\" name=\"_kb_verify_email\" autocomplete=\"new-password\" aria-hidden=\"true\" placeholder=\"Email\" tabindex=\"-1\" data-1p-ignore=\"true\" data-lpignore=\"true\" \/><\/label><div class=\"kadence-blocks-form-field kb-submit-field kb-field-desk-width-100\"><button class=\"kb-forms-submit button kb-button-size-custom kb-button-width-full\">Odeslat zpr\u00e1vu<\/button><\/div><\/form><\/div>\n<noscript><div class=\"kadence-blocks-form-message kadence-blocks-form-warning\">Please enable JavaScript in your browser to submit the form<\/div><style>.kadence-form-_dd2ea8-66 .kadence-blocks-form-field.kb-submit-field { display: none; }<\/style><\/noscript>","protected":false},"excerpt":{"rendered":"<p>U\u010dte se anglicky z domova Kontaktujte n\u00e1s V p\u0159\u00edpad\u011b jak\u00fdchkoli dotaz\u016f n\u00e1m pros\u00edm za\u0161lete e-mail pomoc\u00ed formul\u00e1\u0159e n\u00ed\u017ee.<\/p>\n","protected":false},"author":1,"featured_media":0,"parent":0,"menu_order":0,"comment_status":"closed","ping_status":"closed","template":"","meta":{"_kadence_starter_templates_imported_post":false,"_kad_post_transparent":"disable","_kad_post_title":"hide","_kad_post_layout":"narrow","_kad_post_sidebar_id":"","_kad_post_content_style":"boxed","_kad_post_vertical_padding":"hide","_kad_post_feature":"hide","_kad_post_feature_position":"","_kad_post_header":false,"_kad_post_footer":true,"_kad_post_classname":"","productId":0,"courseId":0,"footnotes":""},"class_list":["post-7552","page","type-page","status-publish","hentry"],"yoast_head":"<!-- This site is optimized with the Yoast SEO plugin v27.4 - https:\/\/yoast.com\/product\/yoast-seo-wordpress\/ -->\n<title>Kontaktujte n\u00e1s - Online Kids Academy<\/title>\n<meta name=\"description\" content=\"U\u010dte se anglicky z domova. Dynamick\u00e1 platforma pro v\u00fduku jazyk\u016f \u2013 udr\u017euje d\u011bti motivovan\u00e9 a zaujat\u00e9. Poskytuje jedine\u010dn\u00e9 n\u00e1stroje pro zlep\u0161en\u00ed jazykov\u00fdch dovednost\u00ed.\" \/>\n<meta name=\"robots\" content=\"index, follow, max-snippet:-1, max-image-preview:large, max-video-preview:-1\" \/>\n<link rel=\"canonical\" href=\"https:\/\/onlinekidsacademy.org\/cs\/ucit-se-anglictinu-z-domova\/\" \/>\n<meta property=\"og:locale\" content=\"cs_CZ\" \/>\n<meta property=\"og:type\" content=\"article\" \/>\n<meta property=\"og:title\" content=\"Kontaktujte n\u00e1s - Online Kids Academy\" \/>\n<meta property=\"og:description\" content=\"U\u010dte se anglicky z domova. Dynamick\u00e1 platforma pro v\u00fduku jazyk\u016f \u2013 udr\u017euje d\u011bti motivovan\u00e9 a zaujat\u00e9. Poskytuje jedine\u010dn\u00e9 n\u00e1stroje pro zlep\u0161en\u00ed jazykov\u00fdch dovednost\u00ed.\" \/>\n<meta property=\"og:url\" content=\"https:\/\/onlinekidsacademy.org\/cs\/ucit-se-anglictinu-z-domova\/\" \/>\n<meta property=\"og:site_name\" content=\"Online Kids Academy\" \/>\n<meta property=\"article:modified_time\" content=\"2022-07-15T07:43:36+00:00\" \/>\n<meta property=\"og:image\" content=\"https:\/\/onlinekidsacademy.org\/wp-content\/uploads\/2022\/02\/cropped-OKA_SKE_New_125_125_WP-1.webp\" \/>\n<meta name=\"twitter:card\" content=\"summary_large_image\" \/>\n<meta name=\"twitter:label1\" content=\"Odhadovan\u00e1 doba \u010dten\u00ed\" \/>\n\t<meta name=\"twitter:data1\" content=\"1 minuta\" \/>\n<script type=\"application\/ld+json\" class=\"yoast-schema-graph\">{\"@context\":\"https:\\\/\\\/schema.org\",\"@graph\":[{\"@type\":\"WebPage\",\"@id\":\"https:\\\/\\\/onlinekidsacademy.org\\\/cs\\\/ucit-se-anglictinu-z-domova\\\/\",\"url\":\"https:\\\/\\\/onlinekidsacademy.org\\\/cs\\\/ucit-se-anglictinu-z-domova\\\/\",\"name\":\"Kontaktujte n\u00e1s - Online Kids Academy\",\"isPartOf\":{\"@id\":\"https:\\\/\\\/onlinekidsacademy.org\\\/cs\\\/#website\"},\"primaryImageOfPage\":{\"@id\":\"https:\\\/\\\/onlinekidsacademy.org\\\/cs\\\/ucit-se-anglictinu-z-domova\\\/#primaryimage\"},\"image\":{\"@id\":\"https:\\\/\\\/onlinekidsacademy.org\\\/cs\\\/ucit-se-anglictinu-z-domova\\\/#primaryimage\"},\"thumbnailUrl\":\"https:\\\/\\\/onlinekidsacademy.org\\\/wp-content\\\/uploads\\\/2022\\\/02\\\/cropped-OKA_SKE_New_125_125_WP-1.webp\",\"datePublished\":\"2020-08-25T19:57:59+00:00\",\"dateModified\":\"2022-07-15T07:43:36+00:00\",\"description\":\"U\u010dte se anglicky z domova. Dynamick\u00e1 platforma pro v\u00fduku jazyk\u016f \u2013 udr\u017euje d\u011bti motivovan\u00e9 a zaujat\u00e9. Poskytuje jedine\u010dn\u00e9 n\u00e1stroje pro zlep\u0161en\u00ed jazykov\u00fdch dovednost\u00ed.\",\"breadcrumb\":{\"@id\":\"https:\\\/\\\/onlinekidsacademy.org\\\/cs\\\/ucit-se-anglictinu-z-domova\\\/#breadcrumb\"},\"inLanguage\":\"cs\",\"potentialAction\":[{\"@type\":\"ReadAction\",\"target\":[\"https:\\\/\\\/onlinekidsacademy.org\\\/cs\\\/ucit-se-anglictinu-z-domova\\\/\"]}]},{\"@type\":\"ImageObject\",\"inLanguage\":\"cs\",\"@id\":\"https:\\\/\\\/onlinekidsacademy.org\\\/cs\\\/ucit-se-anglictinu-z-domova\\\/#primaryimage\",\"url\":\"https:\\\/\\\/onlinekidsacademy.org\\\/wp-content\\\/uploads\\\/2022\\\/02\\\/cropped-OKA_SKE_New_125_125_WP-1.webp\",\"contentUrl\":\"https:\\\/\\\/onlinekidsacademy.org\\\/wp-content\\\/uploads\\\/2022\\\/02\\\/cropped-OKA_SKE_New_125_125_WP-1.webp\"},{\"@type\":\"BreadcrumbList\",\"@id\":\"https:\\\/\\\/onlinekidsacademy.org\\\/cs\\\/ucit-se-anglictinu-z-domova\\\/#breadcrumb\",\"itemListElement\":[{\"@type\":\"ListItem\",\"position\":1,\"name\":\"Home\",\"item\":\"https:\\\/\\\/onlinekidsacademy.org\\\/cs\\\/\"},{\"@type\":\"ListItem\",\"position\":2,\"name\":\"Kontaktujte n\u00e1s\"}]},{\"@type\":\"WebSite\",\"@id\":\"https:\\\/\\\/onlinekidsacademy.org\\\/cs\\\/#website\",\"url\":\"https:\\\/\\\/onlinekidsacademy.org\\\/cs\\\/\",\"name\":\"Online Kids Academy\",\"description\":\"Angli\u010dtina pro d\u011bti z domova. \u00darove\u0148 Pre-A1 ZARU\u010cENA.\",\"publisher\":{\"@id\":\"https:\\\/\\\/onlinekidsacademy.org\\\/cs\\\/#organization\"},\"potentialAction\":[{\"@type\":\"SearchAction\",\"target\":{\"@type\":\"EntryPoint\",\"urlTemplate\":\"https:\\\/\\\/onlinekidsacademy.org\\\/cs\\\/?s={search_term_string}\"},\"query-input\":{\"@type\":\"PropertyValueSpecification\",\"valueRequired\":true,\"valueName\":\"search_term_string\"}}],\"inLanguage\":\"cs\"},{\"@type\":\"Organization\",\"@id\":\"https:\\\/\\\/onlinekidsacademy.org\\\/cs\\\/#organization\",\"name\":\"Online Kids Academy\",\"url\":\"https:\\\/\\\/onlinekidsacademy.org\\\/cs\\\/\",\"logo\":{\"@type\":\"ImageObject\",\"inLanguage\":\"cs\",\"@id\":\"https:\\\/\\\/onlinekidsacademy.org\\\/cs\\\/#\\\/schema\\\/logo\\\/image\\\/\",\"url\":\"https:\\\/\\\/onlinekidsacademy.org\\\/wp-content\\\/uploads\\\/2022\\\/02\\\/OKA_SKE_New_150_150.webp\",\"contentUrl\":\"https:\\\/\\\/onlinekidsacademy.org\\\/wp-content\\\/uploads\\\/2022\\\/02\\\/OKA_SKE_New_150_150.webp\",\"width\":150,\"height\":150,\"caption\":\"Online Kids Academy\"},\"image\":{\"@id\":\"https:\\\/\\\/onlinekidsacademy.org\\\/cs\\\/#\\\/schema\\\/logo\\\/image\\\/\"}}]}<\/script>\n<!-- \/ Yoast SEO plugin. -->","yoast_head_json":{"title":"Kontaktujte n\u00e1s - Online Kids Academy","description":"U\u010dte se anglicky z domova. Dynamick\u00e1 platforma pro v\u00fduku jazyk\u016f \u2013 udr\u017euje d\u011bti motivovan\u00e9 a zaujat\u00e9. Poskytuje jedine\u010dn\u00e9 n\u00e1stroje pro zlep\u0161en\u00ed jazykov\u00fdch dovednost\u00ed.","robots":{"index":"index","follow":"follow","max-snippet":"max-snippet:-1","max-image-preview":"max-image-preview:large","max-video-preview":"max-video-preview:-1"},"canonical":"https:\/\/onlinekidsacademy.org\/cs\/ucit-se-anglictinu-z-domova\/","og_locale":"cs_CZ","og_type":"article","og_title":"Kontaktujte n\u00e1s - Online Kids Academy","og_description":"U\u010dte se anglicky z domova. Dynamick\u00e1 platforma pro v\u00fduku jazyk\u016f \u2013 udr\u017euje d\u011bti motivovan\u00e9 a zaujat\u00e9. Poskytuje jedine\u010dn\u00e9 n\u00e1stroje pro zlep\u0161en\u00ed jazykov\u00fdch dovednost\u00ed.","og_url":"https:\/\/onlinekidsacademy.org\/cs\/ucit-se-anglictinu-z-domova\/","og_site_name":"Online Kids Academy","article_modified_time":"2022-07-15T07:43:36+00:00","og_image":[{"url":"https:\/\/onlinekidsacademy.org\/wp-content\/uploads\/2022\/02\/cropped-OKA_SKE_New_125_125_WP-1.webp","type":"","width":"","height":""}],"twitter_card":"summary_large_image","twitter_misc":{"Odhadovan\u00e1 doba \u010dten\u00ed":"1 minuta"},"schema":{"@context":"https:\/\/schema.org","@graph":[{"@type":"WebPage","@id":"https:\/\/onlinekidsacademy.org\/cs\/ucit-se-anglictinu-z-domova\/","url":"https:\/\/onlinekidsacademy.org\/cs\/ucit-se-anglictinu-z-domova\/","name":"Kontaktujte n\u00e1s - Online Kids Academy","isPartOf":{"@id":"https:\/\/onlinekidsacademy.org\/cs\/#website"},"primaryImageOfPage":{"@id":"https:\/\/onlinekidsacademy.org\/cs\/ucit-se-anglictinu-z-domova\/#primaryimage"},"image":{"@id":"https:\/\/onlinekidsacademy.org\/cs\/ucit-se-anglictinu-z-domova\/#primaryimage"},"thumbnailUrl":"https:\/\/onlinekidsacademy.org\/wp-content\/uploads\/2022\/02\/cropped-OKA_SKE_New_125_125_WP-1.webp","datePublished":"2020-08-25T19:57:59+00:00","dateModified":"2022-07-15T07:43:36+00:00","description":"U\u010dte se anglicky z domova. Dynamick\u00e1 platforma pro v\u00fduku jazyk\u016f \u2013 udr\u017euje d\u011bti motivovan\u00e9 a zaujat\u00e9. Poskytuje jedine\u010dn\u00e9 n\u00e1stroje pro zlep\u0161en\u00ed jazykov\u00fdch dovednost\u00ed.","breadcrumb":{"@id":"https:\/\/onlinekidsacademy.org\/cs\/ucit-se-anglictinu-z-domova\/#breadcrumb"},"inLanguage":"cs","potentialAction":[{"@type":"ReadAction","target":["https:\/\/onlinekidsacademy.org\/cs\/ucit-se-anglictinu-z-domova\/"]}]},{"@type":"ImageObject","inLanguage":"cs","@id":"https:\/\/onlinekidsacademy.org\/cs\/ucit-se-anglictinu-z-domova\/#primaryimage","url":"https:\/\/onlinekidsacademy.org\/wp-content\/uploads\/2022\/02\/cropped-OKA_SKE_New_125_125_WP-1.webp","contentUrl":"https:\/\/onlinekidsacademy.org\/wp-content\/uploads\/2022\/02\/cropped-OKA_SKE_New_125_125_WP-1.webp"},{"@type":"BreadcrumbList","@id":"https:\/\/onlinekidsacademy.org\/cs\/ucit-se-anglictinu-z-domova\/#breadcrumb","itemListElement":[{"@type":"ListItem","position":1,"name":"Home","item":"https:\/\/onlinekidsacademy.org\/cs\/"},{"@type":"ListItem","position":2,"name":"Kontaktujte n\u00e1s"}]},{"@type":"WebSite","@id":"https:\/\/onlinekidsacademy.org\/cs\/#website","url":"https:\/\/onlinekidsacademy.org\/cs\/","name":"Online Kids Academy","description":"Angli\u010dtina pro d\u011bti z domova. \u00darove\u0148 Pre-A1 ZARU\u010cENA.","publisher":{"@id":"https:\/\/onlinekidsacademy.org\/cs\/#organization"},"potentialAction":[{"@type":"SearchAction","target":{"@type":"EntryPoint","urlTemplate":"https:\/\/onlinekidsacademy.org\/cs\/?s={search_term_string}"},"query-input":{"@type":"PropertyValueSpecification","valueRequired":true,"valueName":"search_term_string"}}],"inLanguage":"cs"},{"@type":"Organization","@id":"https:\/\/onlinekidsacademy.org\/cs\/#organization","name":"Online Kids Academy","url":"https:\/\/onlinekidsacademy.org\/cs\/","logo":{"@type":"ImageObject","inLanguage":"cs","@id":"https:\/\/onlinekidsacademy.org\/cs\/#\/schema\/logo\/image\/","url":"https:\/\/onlinekidsacademy.org\/wp-content\/uploads\/2022\/02\/OKA_SKE_New_150_150.webp","contentUrl":"https:\/\/onlinekidsacademy.org\/wp-content\/uploads\/2022\/02\/OKA_SKE_New_150_150.webp","width":150,"height":150,"caption":"Online Kids Academy"},"image":{"@id":"https:\/\/onlinekidsacademy.org\/cs\/#\/schema\/logo\/image\/"}}]}},"jetpack_sharing_enabled":true,"_links":{"self":[{"href":"https:\/\/onlinekidsacademy.org\/cs\/wp-json\/wp\/v2\/pages\/7552","targetHints":{"allow":["GET"]}}],"collection":[{"href":"https:\/\/onlinekidsacademy.org\/cs\/wp-json\/wp\/v2\/pages"}],"about":[{"href":"https:\/\/onlinekidsacademy.org\/cs\/wp-json\/wp\/v2\/types\/page"}],"author":[{"embeddable":true,"href":"https:\/\/onlinekidsacademy.org\/cs\/wp-json\/wp\/v2\/users\/1"}],"replies":[{"embeddable":true,"href":"https:\/\/onlinekidsacademy.org\/cs\/wp-json\/wp\/v2\/comments?post=7552"}],"version-history":[{"count":0,"href":"https:\/\/onlinekidsacademy.org\/cs\/wp-json\/wp\/v2\/pages\/7552\/revisions"}],"wp:attachment":[{"href":"https:\/\/onlinekidsacademy.org\/cs\/wp-json\/wp\/v2\/media?parent=7552"}],"curies":[{"name":"wp","href":"https:\/\/api.w.org\/{rel}","templated":true}]}}